{"id":845,"date":"2019-02-27T20:46:49","date_gmt":"2019-02-27T20:46:49","guid":{"rendered":"https:\/\/shmksh.org\/\/?page_id=845"},"modified":"2019-03-13T20:34:10","modified_gmt":"2019-03-13T20:34:10","slug":"legjislacioni","status":"publish","type":"page","link":"https:\/\/shmksh.org\/sq\/legjislacioni\/","title":{"rendered":"Legjislacioni"},"content":{"rendered":"<section class=\"kc-elm kc-css-229360 kc_row\"><div class=\"kc-row-container  kc-container\"><div class=\"kc-wrap-columns\"><div class=\"kc-elm kc-css-853595 kc_col-sm-12 kc_column kc_col-sm-12\"><div class=\"kc-col-container\"><div class=\"kc-elm kc_text_block\"><\/p>\n<h1>Legjislacioni<\/h1>\n<p>\u00c7\u00ebshtjet e mbrojtjes s\u00eb konsumator\u00ebve p\u00ebrfshijn\u00eb politikat dhe instrumentet ligjore p\u00ebr mbrojtjen e siguris\u00eb s\u00eb konsumator\u00ebve, interesave ekonomike, si dhe t\u00eb drejtave t\u00eb tjera t\u00eb konsumator\u00ebve.<\/p>\n<p><strong>Politikat p\u00ebr mbrojtjen e konsumator\u00ebve<\/strong> p\u00ebrmblidhen n\u00eb dokumentet strategjik. P\u00ebr her\u00eb t\u00eb par\u00eb objektivat kryesor\u00eb t\u00eb politik\u00ebs s\u00eb mbrojtjes t\u00eb konsumatorit n\u00eb Shqip\u00ebri jan\u00eb p\u00ebrcaktuar n\u00eb Strategjin\u00eb e par\u00eb nd\u00ebrsektoriale \u201cP\u00ebr Mbrojtjen e konsumator\u00ebve dhe mbik\u00ebqyrjen e tregut p\u00ebr periudh\u00ebn 2007-2013\u201d, t\u00eb miratuar me Vendim t\u00eb K\u00ebshillit t\u00eb Ministrave nr. 797, dat\u00eb 14.11.2007.<\/p>\n<p>Dokumenti i dyt\u00eb strategjik \u00ebsht\u00eb Strategjia Ndersektoriale \u201cP\u00ebr mbrojtjen e konsumator\u00ebve dhe mbik\u00ebqyrjen e tregut 2020\u201d. Ky dokument u miratua n\u00eb K\u00ebshillin e Ministrave ne shtator 2015 Strategjia e Mbrojtjes se Konsumatoreve dhe Mbik\u00ebqyrjes se Tregut<\/p>\n<p><strong>Legjislacioni n\u00eb fush\u00ebn e mbrojtjes s\u00eb konsumator\u00ebve<\/strong> mbulon aspektet n\u00eb lidhje me: sigurin\u00eb e p\u00ebrgjithshme t\u00eb produkteve p\u00ebr konsumator\u00ebt, praktikat e padrejta tregtare, shitjes s\u00eb mallrave t\u00eb konsumator\u00ebve t\u00eb shoq\u00ebruara me garancit\u00eb, p\u00ebrputhshm\u00ebrin\u00eb kontraktuale t\u00eb mallrave dhe sh\u00ebrbimeve; kushtet e padrejta n\u00eb kontrata, treguesin e \u00e7mimit, kredit\u00eb konsumatore, publicitetin, paketat e udh\u00ebtimit, shitjet n\u00eb larg\u00ebsi, etj.<\/p>\n<p>Kuadri ligjor, q\u00eb garanton mbrojtjen e t\u00eb drejtave t\u00eb konsumator\u00ebve, ka siguruar nj\u00eb p\u00ebrafrim t\u00eb plot\u00eb me direktivat p\u00ebrkat\u00ebse evropiane dhe n\u00eb m\u00ebnyr\u00eb t\u00eb qart\u00eb p\u00ebrcakton kuadrin institucional p\u00ebr zbatimin e k\u00ebtij legjislacioni.<\/p>\n<p><strong>Legjislacioni p\u00ebr mbrojtjen e konsumator\u00ebve p\u00ebrb\u00ebhet nga:<\/strong><\/p>\n<p><strong>1. Aktet ligjore<\/strong><\/p>\n<p>\u201cLigji nr. 9902, dat\u00eb 17.04.2008 \u201cP\u00ebr mbrojtjen e konsumator\u00ebve\u201d, i ndryshuar (varianti i konsoliduar),<br \/>\nLigji nr. 10480 , dat\u00eb 17.11.2011\u201cP\u00ebr sigurin\u00eb e p\u00ebrgjithshme t\u00eb produkteve jo-ushqimore\u201d, i ndryshuar,<br \/>\nLIGJ nr. 71-2018, date 18.10.2018<br \/>\nDispozitat e ligjit nr. 7850 t\u00eb Kodit Civil 29.07.1994, t\u00eb ndryshuar, q\u00eb rregullojn\u00eb aspekte t\u00eb ndryshme n\u00eb fush\u00ebn e mbrojtjes s\u00eb konsumator\u00ebve<\/p>\n<p>\n<\/div><\/div><\/div><\/div><\/div><\/section>\n","protected":false},"excerpt":{"rendered":"<p>[kc_row use_container=\"yes\" force=\"no\" column_align=\"middle\" video_mute=\"no\" _id=\"229360\"][kc_column width=\"12\/12\" video_mute=\"no\" _id=\"853595\"][kc_column_text]<\/p>\n<h1>Legjislacioni<\/h1>\n<p>\u00c7\u00ebshtjet e mbrojtjes s\u00eb konsumator\u00ebve p\u00ebrfshijn\u00eb politikat dhe &#8230;<\/p>\n","protected":false},"author":1,"featured_media":0,"parent":0,"menu_order":0,"comment_status":"closed","ping_status":"closed","template":"tpl-king_composer.php","meta":{"footnotes":""},"class_list":["post-845","page","type-page","status-publish","hentry"],"_links":{"self":[{"href":"https:\/\/shmksh.org\/sq\/wp-json\/wp\/v2\/pages\/845","targetHints":{"allow":["GET"]}}],"collection":[{"href":"https:\/\/shmksh.org\/sq\/wp-json\/wp\/v2\/pages"}],"about":[{"href":"https:\/\/shmksh.org\/sq\/wp-json\/wp\/v2\/types\/page"}],"author":[{"embeddable":true,"href":"https:\/\/shmksh.org\/sq\/wp-json\/wp\/v2\/users\/1"}],"replies":[{"embeddable":true,"href":"https:\/\/shmksh.org\/sq\/wp-json\/wp\/v2\/comments?post=845"}],"version-history":[{"count":24,"href":"https:\/\/shmksh.org\/sq\/wp-json\/wp\/v2\/pages\/845\/revisions"}],"predecessor-version":[{"id":1115,"href":"https:\/\/shmksh.org\/sq\/wp-json\/wp\/v2\/pages\/845\/revisions\/1115"}],"wp:attachment":[{"href":"https:\/\/shmksh.org\/sq\/wp-json\/wp\/v2\/media?parent=845"}],"curies":[{"name":"wp","href":"https:\/\/api.w.org\/{rel}","templated":true}]}}