{"id":671,"date":"2019-02-21T23:18:06","date_gmt":"2019-02-21T23:18:06","guid":{"rendered":"https:\/\/shmksh.org\/\/?page_id=671"},"modified":"2019-03-14T19:40:12","modified_gmt":"2019-03-14T19:40:12","slug":"finance","status":"publish","type":"page","link":"https:\/\/shmksh.org\/sq\/finance\/","title":{"rendered":"Financa"},"content":{"rendered":"<p><section class=\"kc-elm kc-css-495210 kc_row\"><div class=\"kc-row-container  kc-container\"><div class=\"kc-wrap-columns\"><div class=\"kc-elm kc-css-438210 kc_col-sm-12 kc_column kc_col-sm-12\"><div class=\"kc-col-container\"><div class=\"kc-elm kc-css-998863 kc_text_block\"><\/p>\n<h4>Financa (projektet)<\/h4>\n<ul>\n<li>Gjat\u00eb vitit 1993, SHKSH \u00ebsht\u00eb financuar nga U.K.<\/li>\n<li>P\u00ebr organizimin e studimit mbi: \u201cNjohjen e Ligjeve\u201d<\/li>\n<li>N\u00eb vitet 1993-1994 SHKSH p\u00ebrs\u00ebri u financua nga U.K me shum\u00ebn prej p\u00ebr pajisjet e zyr\u00ebs.<\/li>\n<li>N\u00eb vitet 1994-1995 SHKSH financohet nga WEST.M.D. Partner-Ship, Tacis \u2013Demokraci.<\/li>\n<li>N\u00eb vitet 1996-1998, SHKSH financohet nga Partner-Ship, Tacis-Demokraci, Now-How Fond, USAJDI (ORT)<\/li>\n<li>N\u00eb vitet 1999-2000, SHKSH u financua nga Now-How-Fond dhe D.F.I.D<\/li>\n<li>N\u00eb vitet 2001-2002, SHKSH u financua nga SNV<\/li>\n<li>N\u00eb vitet 2003-2004, SHKSH u financua nga SNV p\u00ebr edukimin qytetar p\u00ebr t\u00eb paguar taksat<\/li>\n<li>N\u00eb vitin 2005 -2006, SHKSH ka marr\u00eb projektin nga Ambasada Angleze-Ausraliane p\u00ebr ricilkimin e plastifikimin.<\/li>\n<li>N\u00eb vitin 2006, \u00ebsht\u00eb financuar nga B.E<\/li>\n<li>N\u00eb vitin 2006, GTZ-ja ka financuar projektin (ka paguar dy punonj\u00ebs p\u00ebr 6 muaj dhe ka rikonstruktuar zyr\u00ebn e k\u00ebshillimit, menaxhuar nga vet\u00eb ajo).<\/li>\n<li>Cards\/1,Cards\/2,Cards\/3,Cards\/4,Cards\/5,Cards\/6, kan\u00eb financuar, n\u00eb trajnime p\u00ebr stafin.<\/li>\n<li>N\u00eb vitin e 2010 Trajnime me pjes\u00ebmarrjen e UNDP p\u00ebr sektore t\u00eb vecant\u00eb si: Uji dhe energjia.<\/li>\n<\/ul>\n<p><strong>Shoqata \u00ebsht\u00eb mb\u00ebshtetur p\u00ebr vitin 2010 nga:<\/strong><\/p>\n<ol>\n<li>Kuotat e an\u00ebtar\u00ebsis\u00eb s\u00eb rregullt<\/li>\n<li>Kuotat nga an\u00ebtar\u00ebt e rinj<\/li>\n<li>Nga Fotokopja dhe sh\u00ebrbime t\u00eb tjera<\/li>\n<\/ol>\n<p><strong>Mb\u00ebshtetjet e \u00e7do veprim tjet\u00ebr \u00ebsht\u00eb ne p\u00ebrputhje me Statutin e SHKSH-s\u00eb (SHKSH),CI, me ligjet e OJF-ve, si dhe Ligjin e Mbrojtjes s\u00eb Konsumatorit.<\/strong><\/p>\n<p>\n<\/div><\/div><\/div><\/div><\/div><\/section><section class=\"kc-elm kc-css-454307 kc_row\"><div class=\"kc-row-container  kc-container\"><div class=\"kc-wrap-columns\"><div class=\"kc-elm kc-css-325363 kc_col-sm-12 kc_column kc_col-sm-12\"><div class=\"kc-col-container\"><div class=\"kc-elm kc-css-593436 kc_text_block\"><\/p>\n<ol>\n<li>Regular membership fee<\/li>\n<li>Quotes from new members<\/li>\n<li>By photocopy and other services<\/li>\n<\/ol>\n<p><strong>All funds, supports, and any other action is in accordance with the Charter of SHKSH (ACA), CI, with the Laws of NGO-s, and Protection Consumer Law.<\/strong><\/p>\n<p>\n<\/div><\/div><\/div><\/div><\/div><\/section><section class=\"kc-elm kc-css-594629 kc_row\"><div class=\"kc-row-container  kc-container\"><div class=\"kc-wrap-columns\"><div class=\"kc-elm kc-css-883425 kc_col-sm-12 kc_column kc_col-sm-12\"><div class=\"kc-col-container\"><div class=\"kc-elm kc-css-493056 kc_text_block\"><\/p>\n<p>\n<\/div><\/div><\/div><\/div><\/div><\/section><\/p>\n","protected":false},"excerpt":{"rendered":"<p>[kc_row use_container=\"yes\" force=\"no\" column_align=\"middle\" video_mute=\"no\" _id=\"495210\"][kc_column width=\"12\/12\" video_mute=\"no\" _id=\"438210\"][kc_column_text _id=\"998863\"]<\/p>\n<h4>Financa (projektet)<\/h4>\n<ul>\n<li>Gjat\u00eb vitit 1993, SHKSH \u00ebsht\u00eb financuar&#8230;<br \/>\n","protected":false},"author":1,"featured_media":0,"parent":0,"menu_order":0,"comment_status":"closed","ping_status":"closed","template":"tpl-king_composer.php","meta":{"footnotes":""},"class_list":["post-671","page","type-page","status-publish","hentry"],"_links":{"self":[{"href":"https:\/\/shmksh.org\/sq\/wp-json\/wp\/v2\/pages\/671","targetHints":{"allow":["GET"]}}],"collection":[{"href":"https:\/\/shmksh.org\/sq\/wp-json\/wp\/v2\/pages"}],"about":[{"href":"https:\/\/shmksh.org\/sq\/wp-json\/wp\/v2\/types\/page"}],"author":[{"embeddable":true,"href":"https:\/\/shmksh.org\/sq\/wp-json\/wp\/v2\/users\/1"}],"replies":[{"embeddable":true,"href":"https:\/\/shmksh.org\/sq\/wp-json\/wp\/v2\/comments?post=671"}],"version-history":[{"count":50,"href":"https:\/\/shmksh.org\/sq\/wp-json\/wp\/v2\/pages\/671\/revisions"}],"predecessor-version":[{"id":927,"href":"https:\/\/shmksh.org\/sq\/wp-json\/wp\/v2\/pages\/671\/revisions\/927"}],"wp:attachment":[{"href":"https:\/\/shmksh.org\/sq\/wp-json\/wp\/v2\/media?parent=671"}],"curies":[{"name":"wp","href":"https:\/\/api.w.org\/{rel}","templated":true}]}}