{"id":552,"date":"2019-02-19T16:17:28","date_gmt":"2019-02-19T16:17:28","guid":{"rendered":"http:\/\/konsumator1.shmksh.org\/?page_id=552"},"modified":"2019-03-13T20:40:55","modified_gmt":"2019-03-13T20:40:55","slug":"historik","status":"publish","type":"page","link":"https:\/\/shmksh.org\/sq\/historik\/","title":{"rendered":"Historik"},"content":{"rendered":"<section class=\"kc-elm kc-css-284561 kc_row\"><div class=\"kc-row-container  kc-container\"><div class=\"kc-wrap-columns\"><div class=\"kc-elm kc-css-1050 kc_col-sm-12 kc_column kc_col-sm-12\"><div class=\"kc-col-container\"><div class=\"kc-elm kc-css-284408\" style=\"height: 57px; clear: both; width:100%;\"><\/div><div class=\"kc-elm kc-css-190794 kc_text_block\"><\/p>\n<p>Raste t\u00eb nd\u00ebrhyrjes s\u00eb Shoqat\u00ebs<\/p>\n<p>Q\u00eb n\u00eb <strong>fillimet<\/strong> e saj SHKSH, ka punuar dhe funksionuar p\u00ebr informimin dhe k\u00ebshillimin e konsumator\u00ebve.<\/p>\n<ul>\n<li>N\u00eb vitin <strong>1990<\/strong> u krijua grupi nism\u00ebtar, u hartua programi dhe statuti i shoqat\u00ebs.<\/li>\n<li>SHKSH m\u00eb 27.10.1991 p\u00ebr her\u00eb t\u00eb par\u00eb ka b\u00ebr\u00eb fushat\u00ebn p\u00ebr ujin e pijsh\u00ebm ku mungonte klori dhe 400 persona ishin me diare, ky material u botua n\u00eb gazet\u00ebn Tirana dhe u transmetua disa her\u00eb n\u00eb radio Tirana dhe n\u00eb televizionin shqiptar.<\/li>\n<li>N\u00eb <strong>1991<\/strong>, shoqata protestoi p\u00ebr helmimin nga alkooli dhe akullorja t\u00eb 50 personave, kjo u botua n\u00eb gazet\u00ebn Tirana, Shoqata k\u00ebrkonte fuqizimin e inspektoriateve t\u00eb kontrollit.<\/li>\n<li>SHKSH ka marr\u00eb pjes\u00eb n\u00eb programe lokale dhe nd\u00ebrkomb\u00ebtare n\u00eb radio-televizione q\u00eb nga viti 1991.<\/li>\n<li>SHKSH e rriti aktivitetin e saj n\u00eb vitin <strong>1992<\/strong>, duke botuar gazet\u00ebn e par\u00eb \u201cKonsumatori\u201d me 10.000 kopje.<\/li>\n<\/ul>\n<p>\n<\/div><div class=\"kc-elm kc-css-708915 kc_text_block\"><\/p>\n<ul>\n<li>SHKSH ka b\u00ebr\u00eb fushat\u00eb n\u00eb vitin<strong> 1993<\/strong>, p\u00ebr njohjen e ligjeve, gjithashtu ka b\u00ebr\u00eb pyet\u00ebsor\u00eb se sa njihen ligjet nga qytetar\u00ebt.<\/li>\n<li>N\u00eb vitet 1993-1994, ka vazhduar fushat\u00ebn 2-vje\u00e7are \u201cP\u00ebr higjenizimin e ujit dhe higjen\u00ebn e lokaleve ushqimore\u201d.<\/li>\n<li>SHKSH n\u00eb vitin 1994, ka organizuar fushat\u00ebn \u201cKund\u00ebr alkoolit dhe duhanit\u201d, ku u angazhua edhe media n\u00eb k\u00ebt\u00eb fushat\u00eb.<\/li>\n<li>SHKSH organizoi n\u00eb vitin 1995, n\u00eb bashk\u00ebpunim me Drejtorin\u00eb e Standarteve dhe Cil\u00ebsis\u00eb, p\u00ebr kurse trajnimesh n\u00eb mbrojtjen e konsumator\u00ebve me udh\u00ebheq\u00ebs dhe drejtues nga vendi.<\/li>\n<li>SHKSH n\u00eb vitin 1995, me mb\u00ebshtetjen e Ministris\u00eb s\u00eb Tregtis\u00eb hartuam draftin \u201cP\u00ebr Ligjin e Mbrojtjes s\u00eb Konsumator\u00ebve\u201d (q\u00eb u miratua n\u00eb 06.02.1997).<\/li>\n<li>SHKSH n\u00eb vitin 1995, organizoi fushat\u00ebn p\u00ebr \u201cP\u00ebrmir\u00ebsimin e Tregut\u201d (problem i vjet\u00ebr nd\u00ebrmjet konsumator\u00ebve dhe tregut).<\/li>\n<\/ul>\n<p>\n<\/div><div class=\"kc-elm kc-css-323334\" style=\"height: 57px; clear: both; width:100%;\"><\/div><div class=\"kc-elm kc-css-621602 kc_text_block\"><\/p>\n<ul>\n<li>SHKSH n\u00eb vitin 1996 u angazhua me Drejtorin\u00eb e Standarteve, Minstrin\u00eb e Treg\u00ebtis\u00eb, Ministrin\u00eb e Bujq\u00ebsis\u00eb, Ministrin\u00eb e Sh\u00ebndet\u00ebsis\u00eb, n\u00eb dh\u00ebnien e mendimeve dhe sugjerimeve p\u00ebr b\u00ebrjen e ligjeve q\u00eb ishin n\u00eb interes t\u00eb mbrojtjes s\u00eb konsumatorit.<\/li>\n<li>SHKSH n\u00eb vitet 1995, 1996, 1997, u angazhua dhe k\u00ebrkoi mb\u00ebshtetjen e ministrive p\u00ebrkat\u00ebse si: M.SH, (Ministria e Sh\u00ebndet\u00ebsis\u00eb) M. T (Ministria e Tregtis\u00eb), p\u00ebr zgjidhjen e 2.200 ankesave q\u00eb kishin konsumator\u00ebt p\u00ebr problemin e ujit t\u00eb pijsh\u00ebm, problemin e tregjeve, dhe t\u00eb kanalizimeve.<\/li>\n<li>SHKSH n\u00eb 16.09.1997, organizoi fushat\u00ebn me angazhimin e medias p\u00ebr sigurin\u00eb e ujit t\u00eb pijsh\u00ebm.<\/li>\n<li>SHKSH n\u00eb maj 1997, botoi librin e par\u00eb \u201cSfidat e Konsumit\u201d mb\u00ebshtetur nga \u201cFondacioni Partner Ship\u201d dhe \u201cTacis Demokraci\u201d. Gjat\u00eb k\u00ebtij viti ka organizuar disa seminare, konferenca p\u00ebr publikimin dhe njohjen e ligjeve p\u00ebr mbrojtjen e konsumatorit si n\u00eb Tiran\u00eb, Elbasan, Shkod\u00ebr, Fier, Vlor\u00eb, Lezh\u00eb dhe Durr\u00ebs.<\/li>\n<li>SHKSH m\u00eb 22.01.1998, informon se n\u00eb tregun ushqimor shiten mallra me stafilokok\u00eb si margarina, mishi dhe mielli.<\/li>\n<li>SHKSH n\u00eb vitin 1998, ka organizuar disa trajnime me drejtuesit e 12 rajoneve dhe disa seminare si n\u00eb Shkod\u00ebr, La\u00e7, Fier, Elbasan,Vlor\u00eb, Durr\u00ebs, Berat, Kor\u00e7\u00eb, p\u00ebr mbrojtjen e konsumator\u00ebve n\u00eb ekonomin\u00eb e tregut.<\/li>\n<li>SHKSH n\u00eb vitin 1998, \u00ebsht\u00eb mb\u00ebshtetur si nga ministrit\u00eb e interesuara dhe nga pushteti lokal duke i siguruar ambiente dhe q\u00ebndra z\u00ebri n\u00eb fushat\u00ebn p\u00ebr miellin e prishur dhe mullinjt\u00eb me plumb si n\u00eb: Fier, Kor\u00e7\u00eb, Berat, ku \u00ebsht\u00eb angazhuar edhe media.<\/li>\n<li>SHKSH n\u00eb maj t\u00eb vitit 1998, botoi librin e dyt\u00eb \u201cNjohuri p\u00ebr Konsumator\u00ebt\u201d<\/li>\n<li>Gjykata e Rrethit t\u00eb Tiran\u00ebs, me nr.2277 akti vendosi, \u201cP\u00ebr Marrjen e Mas\u00ebs Provizore\u201d, me gjyqtar\u00eb: Altina Xhoxhaj dhe ndihm\u00ebs gjyqtar; Dhimitra Qarri, Petrit \u00c7omo. Merret n\u00eb shqyrtim n\u00eb seanc\u00ebn gjyq\u00ebsore e Padit\u00ebsit:\u201dHellenik Botling Company\u201ddhe i paditur Fredi P\u00ebrgjika.<\/li>\n<\/ul>\n<p>\n<\/div><div class=\"kc-elm kc-css-724731\" style=\"height: 57px; clear: both; width:100%;\"><\/div><div class=\"kc-elm kc-css-991712 kc_text_block\"><\/p>\n<p><strong>Nd\u00ebrhyr\u00ebs Dyt\u00ebsor:\u00a0<\/strong>Shoqata e Mbrojtjes s\u00eb Konsumatorit (SHKSH).<\/p>\n<p>Gjykata vendosi mas\u00ebn provizore me baz\u00ebn ligjore neni 202 i K.Pr.C.duke<br \/>bllokuar prodhimin dhe shitjen e \u201cAmitave\u201d n\u00eb shishe plastike dylitroshe n\u00eb gjth\u00eb territorin e Shqip\u00ebris\u00eb. U ngarkua p\u00ebr ekzekutim zyra e p\u00ebrmbarimit,m\u00eb date.11.05.1998.<\/p>\n<p>SHKSH n\u00eb vitin 1999, u angazhua n\u00eb ndihm\u00eb t\u00eb refugjat\u00ebve kosovar\u00eb dhe botoi librin \u201cMisionar\u00eb Midis Kosovar\u00ebve\u201d, p\u00ebr k\u00ebt\u00eb jemi mb\u00ebshtetur nga donatoret: D.F.I.D, N.O.W, H.W.O, Fund, C.I dhe U.K.<\/p>\n<ul>\n<li>SHKSH n\u00eb vitet 1990-2000, ka organizuar biseda, takime, konferenca, trajnime me refugjat\u00ebt kosovar\u00eb brenda vendit dhe n\u00eb Kosov\u00eb t\u00eb mb\u00ebshtetur nga U.K (Unitet Kingdom) dhe D.F.I.D.<\/li>\n<li>SHKSH n\u00eb vitin 2000, organizon fushat\u00ebn p\u00ebr \u201cEtiketimin e ushqimeve n\u00eb treg\u201d, si dhe fushat\u00ebn \u201cKund\u00ebr pijeve t\u00eb falsifikuara\u201d (fantaz\u00ebm) t\u00eb mb\u00ebshtetur dhe nga media.<\/li>\n<li>SHKSH n\u00eb vitin 2000, gjithashtu ka shp\u00ebrdar\u00eb p\u00ebr refugjat\u00ebt kosovar\u00eb librin \u201cMisionar\u00eb midis Kosovar\u00ebve\u201d, flet\u00ebpalosje, flet\u00eb-sensibilizuese p\u00ebr \u201cKujdesin nga shp\u00ebrthimi i minave\u201d.<\/li>\n<li>SHKSH n\u00eb Mars t\u00eb vitit 2001, feston 10-vjetorin e formimit t\u00eb saj.<\/li>\n<li>SHKSH n\u00eb Korrik-Dhjetor 2001,ka organizuar trajnime p\u00ebr nd\u00ebrgjegj\u00ebsimin e konsumator\u00ebve \u201cP\u00ebr t\u00eb paguar taksat\u201d dhe p\u00ebr t\u00eb q\u00ebn\u00eb sa m\u00eb t\u00eb ndjesh\u00ebm p\u00ebr mir\u00eb-administrimin e taksave t\u00eb tyre t\u00eb mb\u00ebshtetur nga S.N.V. Gjithashtu ka bashk\u00ebpunuar n\u00eb k\u00ebt\u00eb fushat\u00eb edhe radio-televizioni q\u00ebndror dhe lokal.<\/li>\n<li>SHKSH n\u00eb vitin 2002 b\u00ebn \u201cPeticion p\u00ebr ujin e pijsh\u00ebm\u201dn\u00eb Tiran\u00eb, La\u00e7, Fier, K\u00eblcyr\u00eb, Lezh\u00eb. Pas peticioneve n\u00eb shum\u00eb qytete u p\u00ebrmir\u00ebsua gjendja p\u00ebr furnizimin me uj\u00eb.<\/li>\n<li>Deg\u00ebt e SHKSH-s\u00eb, n\u00eb Kruj\u00eb dhe Fush\u00eb-Kruj\u00eb, protestuan p\u00ebr mbrojtjen e mjedisit, Ministria e Mjedisit mori masa p\u00ebr p\u00ebrmir\u00ebsimin e gj\u00ebndjes.<\/li>\n<li>N\u00eb vitin 2001-2002, shoqata b\u00ebri nj\u00eb fushat\u00eb \u201cP\u00ebr efektin q\u00eb kan\u00eb taksat n\u00eb p\u00ebrmir\u00ebsimin ekonomik \u201c(detyr\u00eb e p\u00ebrhershme e jona) me mb\u00ebshtetje nga fondacioni S.N.V.<\/li>\n<li>SHKSH n\u00eb vitin 2003, ka bashk\u00ebpunuar me Ministrin\u00eb e Treg\u00ebtis\u00eb, p\u00ebr Ligjin e Mbrojtjes s\u00eb Konsumator\u00ebve. Gjithashtu ajo ka dh\u00ebn\u00eb mendime, ka b\u00ebr\u00eb sugjerime p\u00ebr nene shtes\u00eb n\u00eb ligjin e ri p\u00ebr mbrojtjen e konsumatorit.<\/li>\n<li>SHKSH n\u00eb vitin 2003, ka organizuar fushat\u00ebn \u201cP\u00ebr Jodizimin\u201d e f\u00ebmij\u00ebve n\u00eb bashk\u00ebpunim me Ministrin\u00eb e Sh\u00ebndet\u00ebsis\u00eb.<\/li>\n<li>SHKSH n\u00eb vitin 2004, ka organizuar \u201cFushat\u00ebn antiduhan\u201d n\u00eb bashk\u00ebpunim me shoqat\u00ebn antiduhan dhe ka mb\u00ebshtetur UNICEF. Gjithashtu shoqata ka organizuar p\u00ebr 2 muaj fushat\u00ebn \u201cP\u00ebr klorifikimin e ujit t\u00eb pijsh\u00ebm\u201d ku u angazhua edhe media.<\/li>\n<li>N\u00eb vitin 2004, shoqata ka bashk\u00ebpunuar me Ministrin\u00eb e Sh\u00ebndet\u00ebsis\u00eb p\u00ebr draftin mbi \u201cProjekt- ligjin \u201cP\u00ebr Jodizimin\u201d, ka organizuar fushat\u00ebn p\u00ebr \u201cNd\u00ebrgjegj\u00ebsimin e konsumator\u00ebve\u201d dhe rrezikun q\u00eb sjell plastika tek njer\u00ebzit si dhe grumbullimin e riciklimin e saj t\u00eb mb\u00ebshtetur nga ana financiare nga ambasada Angleze dhe Australiane.<\/li>\n<li>N\u00eb vitin 2005, shoqata ka organizuar fushat\u00ebn \u201cP\u00ebr etiketimin\u201d e produkteve ushqimore\u201d, gjithashtu ajo ka organizuar trajnime, ka shp\u00ebrndar\u00eb pankarta me 10- Parimet KE. Dhe tet\u00eb te drejtat e konsumatorit.<\/li>\n<li>GTZ-ja, na ka mb\u00ebshtetur financiarisht p\u00ebr rikonstruksionin e zyr\u00ebs s\u00eb k\u00ebshillimit Tiran\u00eb po ashtu na ka mb\u00ebshtetur edhe M.E.T.E.<\/li>\n<li>N\u00eb vitin 2006 shoqata ka organizuar database-in, ka b\u00ebr\u00eb trajnime t\u00eb p\u00ebrbashk\u00ebta me METE, me CARDS\/6, dhe nga METE \u00ebsht\u00eb mb\u00ebshtetur me nj\u00eb grant p\u00ebr pajisjet t\u00eb zyres.<\/li>\n<li>N\u00eb vitin 2007, SHKSH organizoi nj\u00eb fushat\u00eb senibilizuese n\u00eb bashk\u00ebpunim me Ministrin\u00eb e Sh\u00ebndet\u00ebsis\u00eb dhe UNICEF p\u00ebr r\u00ebnd\u00ebsin\u00eb q\u00eb ka \u201cJodizimi tek f\u00ebmij\u00ebt\u201d.<\/li>\n<li>SHKSH n\u00eb bashk\u00ebpunim me Ministrin\u00eb e Bujq\u00ebsis\u00eb n\u00eb 2007 ka dh\u00ebn\u00eb kontributin e saj me sygjerime dhe propozime \u201cP\u00ebr Ligjin e Ushqimit\u201d dhe t\u00eb Qum\u00ebshtit. Gjithashtu ka dh\u00ebn\u00eb kontributin edhe p\u00ebr ligjin \u201cP\u00ebr t\u00eb drejt\u00ebn e informimit\u201d.<\/li>\n<li>M\u00eb 17 Mars 2008, SHKSH-ja ka marr\u00eb pjes\u00eb n\u00eb Budva me tem\u00eb \u201cSiguria e Ushqimit\u201d<\/li>\n<li>SHKSH m\u00eb 01.04.2008, ka marr\u00eb pjes\u00eb n\u00eb Oh\u00ebr t\u00eb Maqedonis\u00eb me tem\u00eb \u201cMbrojtja e Konsumator\u00ebve n\u00eb Fush\u00ebn e Sh\u00ebrbimeve Bankare\u201d.<\/li>\n<li>N\u00eb vitin 2008, SHKSH ka b\u00ebr\u00eb analiz\u00ebn e pyet\u00ebsor\u00ebve, vrojtime t\u00eb ankesave n\u00eb vitet 2006-2007 t\u00eb krahasuara me vitet 2004-2005, n\u00eb fush\u00ebn e prodhimeve dhe t\u00eb treg\u00ebtimit industrial (si konfeksione, k\u00ebpuc\u00eb, sandale etj).<\/li>\n<li>Shoqata ka bashk\u00ebpunuar me METE, me komente dhe sugjerime p\u00ebr \u201cLigjin e ri t\u00eb Mbrojtjes s\u00eb Konsumatorit\u201d i cili u miratua m\u00eb, 17.04.2008.<\/li>\n<li>M\u00eb 29 Maj \u2013 1 Qershor 2008, ka mar\u00eb pjes\u00eb n\u00eb Konferenc\u00ebn e zhvilluar n\u00eb Vodic\u00eb, Kroaci me tem\u00eb: \u201cProblemet Financiare\u201d Avokatia Bankare, p\u00ebr mbrojtjen e konsumator\u00ebve dhe pro\u00e7edurat e padurueshme t\u00eb konsumatorit (Ambusmen)\u201d.<\/li>\n<li>2008- 2009 \u201cFushata per rrezikun nga Fast-Food\u201d dhe mbi pasha (obeziteti, s\u00ebmundjet kardio-vaskulare, hipertensioni etj)<\/li>\n<li>2010 \u201cFushata p\u00ebr edukimin mbi sh\u00ebrbimet financiare e bankare\u201d t\u00eb rekomanduara nga CI<\/li>\n<li>2010 \u201cFushata p\u00ebr ushqimin e sh\u00ebndetsh\u00ebm\u201d t\u00eb rekomanduar nga CI<\/li>\n<li>2010 Bashk\u00ebpunim me UNDP p\u00ebr hapjen e q\u00ebndrave t\u00eb reja t\u00eb K\u00ebshillimit n\u00eb rajone si; Shkod\u00ebr, Elbasan, Fier, Lushnj\u00eb, Lezh\u00eb, Korc\u00eb etj si dhe mundesive dhe shtim kapacitetesh n\u00eb SHKSH.<\/li>\n<li>Bashk\u00ebpunim me D. Akreditimit dhe \u00c7ertifikimit n\u00eb Shqip\u00ebri<\/li>\n<li>10.06.2010 Takim bashk\u00ebpunimi me p\u00ebrfaq\u00ebsues t\u00eb mbrojtjes s\u00eb konsumatorit Lond\u00ebr n\u00eb fush\u00ebn e akreditimit me Z\/Robert PEACOCK.<\/li>\n<li>Takim m\u00eb dt. 17.06.2010 me Kr\/ Bashkis\u00eb Elbasan Q.SEJDINI dhe koordinatore t\u00eb shoqat\u00ebs s\u00eb konsumatorit \u201cP\u00ebr informimin, edukimin, fuqizimin dhe bashkpunimin e SHKSH-s\u00eb dhe pushtetit lokal n\u00eb mbrojtje t\u00eb konsumator\u00ebve\u201d<\/li>\n<li>Takim m\u00eb dt. 16 Kr\/ Bashkis\u00eb Fier dhe koordinatore t\u00eb shoqat\u00ebs s\u00eb konsumatorit \u201cP\u00ebr informimin, edukimin, fuqizimin dhe bashk\u00ebpunimin e SHKSH dhe pushtetit lokal n\u00eb mbrojtje t\u00eb konsumator\u00ebve\u201d<\/li>\n<li>Takim m\u00eb dt. 18.06.2010 n\u00ebn\/kryetarin e Bashkis\u00eb Shkod\u00ebr dhe koordinatore t\u00eb shoqat\u00ebs s\u00eb konsumatorit \u201cP\u00ebr informimin, edukimin, fuqizimin dhe bashk\u00ebpunimin e SHKSH dhe pushtetit lokal n\u00eb mbrojtje t\u00eb konsumator\u00ebve\u201d<\/li>\n<li>Takim bashk\u00ebpunimi me Shoqat\u00ebn e t\u00eb Verb\u00ebrve Shkod\u00ebr ZEF BUSHATI, me Lezh\u00ebn Ymer Keta<\/li>\n<li>Takim me Kryetarin e Unionit t\u00eb Biznesit Roland Hysa \u201cMbi mund\u00ebsin\u00eb e tregut dhe t\u00eb sigurimit t\u00eb produkteve t\u00eb sigurta p\u00ebr konsumator\u00ebt<\/li>\n<li>Takim m\u00eb dt. 30.06.2010 me p\u00ebrfaq\u00ebsues t\u00eb Shoq\u00ebris\u00eb Italiane me znj\/ Maria PAGLIA\u2019 Mbi informimin, e konsumator\u00ebve p\u00ebr produkteve ushqimore t\u00eb sigurta si dhe bashk\u00ebpunim e SHKSH<\/li>\n<li>Takim m\u00eb dt.14.07.2010 me p\u00ebrfaq\u00ebsues t\u00eb mbrojtjes s\u00eb konsumator\u00ebve SERBI me z\/ Drago Bojavic n\u00eb kuadrin e rekomandimeve t\u00eb OKB-s\u00eb e cila p\u00ebrfaq\u00ebsohej nga prania e p\u00ebrfaq\u00ebsues\u00ebve p\u00ebr Shqip\u00ebrin\u00eb t\u00eb Hachemi dhe Anula.<\/li>\n<li>19.07.2010 takim me p\u00ebrfaq\u00ebsuesit e Misionit EG p\u00ebr Shqip\u00ebrin\u00eb n\u00eb kuadrin e zhvillimit dhe t\u00eb fuqizimit t\u00eb SHKSH me znj\/ MARIJA RASKOVSKA p\u00ebrfaq\u00ebsuse e CI dhe kryetare e SH. Konsumatorit n\u00eb Maqedoni; znj. Alba Dakoli p\u00ebr Fondacioni p\u00ebr Qeverisje Vendore.<\/li>\n<li>Me Drejtorin\u00eb e Policis\u00eb s\u00eb Tiran\u00ebs mbi zbatimin e rregullave dhe tabelave p\u00ebr k\u00ebmb\u00ebsor\u00ebt n\u00eb tregun \u00c7am Tiran\u00eb<\/li>\n<li>Bashk\u00ebpunim me AKEP n\u00eb dh\u00ebnien e mendimeve; p\u00ebr probabilitetin e numrave Prill 2010<\/li>\n<li>Takim bashk\u00ebpunimi me Q\u00ebndr\u00ebn Rajonale t\u00eb Riciklimit t\u00eb Mbetjeve Prill 2010<\/li>\n<li>Takime dhe bashk\u00ebpunime me Qendr\u00ebn e Mbrojtjes s\u00eb Emigracionit Mars- Prill 2010 \u2026\u2026\u2026\u2026\u2026\u2026<\/li>\n<li>Bashk\u00ebpunim dhe shk\u00ebmbim ekperience n\u00eb mbrojtjen e konsumatorit me FACUAN\/Spanj\u00eb me Dr. Carlos Puente<\/li>\n<li>Bashk\u00ebpunim me K.Europian n\u00eb kuadrin e Siguris\u00eb Ushqimore t\u00eb Produkteve \u201cPaulo PENDEZA\u201d<\/li>\n<li>Prill-Maj 2010 bashk\u00ebpunime me UFSH n\u00eb lidhje me treg\u00ebtimin dhe sigurin\u00eb e barnave mjeksore.<\/li>\n<li>Takim n\u00eb kuadrin e bashk\u00ebpunimeve n\u00eb Projekte me TASCO-Albania<\/li>\n<li>N\u00eb kuadrin e trajnimeve bashk\u00ebpunim me Dhom\u00ebn e Tregtis\u00eb<\/li>\n<li>Takim n\u00eb METE me K\u00ebshillin Bashk\u00ebrendues t\u00eb Mbrojtjes s\u00eb Konsumatorit me zv\/ministrin Bozdo dh\u00ebnie mendimesh dhe kund\u00ebrshtim i nenit 54\/b t\u00eb ligjit t\u00eb konsumatorit mbi drejtimin e qendrave t\u00eb k\u00ebshillimit t\u00eb konsumatoreve, n\u00eb p\u00ebrputhje me kriteret e p\u00ebrcaktuara nga ministri p\u00ebrgjegjes p\u00ebr fush\u00ebn e tregtis\u00eb. D\u00ebrgim i shkres\u00ebs Ministrit t\u00eb Ekonomis\u00eb Z\/ D. Prifti, t\u00eb bazuar dhe n\u00eb ligjin p\u00ebr OJF neni 41.<\/li>\n<li>Maj-Qershor 2010 trajnime dhe eksperienca mbi: energjin\u00eb elektrike dhe uj\u00ebsjellsin ku merrte pjes\u00eb dhe UNDP<\/li>\n<li>Qershor 2010 bashkpunim me M.Sh\u00ebndetsis\u00eb mbi; Strategjin\u00eb e preparateve jodike orale.<\/li>\n<\/ul>\n<p>\n<\/div><div class=\"kc-elm kc-css-282379\" style=\"height: 57px; clear: both; width:100%;\"><\/div><div class=\"kc-elm kc-css-54720 kc_text_block\"><\/p>\n<p><strong>Aktivitetet p\u00ebr vitin 2010 jan<\/strong><strong>\u00eb t\u00eb pasqyruara m\u00eb s\u00eb miri n\u00eb raportin vjetor por po shkruajm\u00eb disa sugjerime t\u00eb b\u00ebra nga ana e shoqat\u00ebs organeve kompetente.<\/strong><\/p>\n<p>N\u00eb pun\u00ebn ton\u00eb n\u00eb bashkpunim me; institucionet shtet\u00ebrore, me ERE-t\u00eb, me kompani, drejtori, ne kemi b\u00ebr\u00eb edhe sugjerime p\u00ebr ligje, rregullore, drafte dhe akte n\u00ebnligjore etj.<\/p>\n<ul>\n<li>Sugjerime ndaj DUK \u201c P\u00ebr p\u00ebrmir\u00ebsimin e cil\u00ebsis\u00eb s\u00eb Uj\u00ebsjell\u00ebsit dhe sigurin\u00eb e ujit (sasia dhe cil\u00ebsia nuk ka kontrat\u00eb dhe ligj specifik) por ekziston nj\u00eb VKM 1993, jo i plot\u00eb n\u00eb mbrojtje t\u00eb konsumatorit<\/li>\n<li>Sugjerime p\u00ebr Projekt-Vendimin mbi \u201c Kontratat n\u00eb Larg\u00ebsi\u201d METE<\/li>\n<li>Sugjerime p\u00ebr AKU MBUMK, P\u00ebr p\u00ebrfundimin e Kodexit Alimentar t\u00eb ushqimit domosdoshm\u00ebri dhe standart p\u00ebr t\u00eb gjith\u00eb.<\/li>\n<li>Sugjerim p\u00ebr Telekomin\/ N\u00eb c\u00ebmin dhe mosp\u00ebrfillje t\u00eb ligjit n\u00eb d\u00ebm t\u00eb konsumatorit, si; heqja e kodit, kontrat\u00eb e nj\u00ebanshme, mos mrrja e mendimit t\u00eb grupeve t\u00eb interest, c\u00ebnim t\u00eb kontrat\u00ebs s\u00eb bashk\u00ebpunimit Albtelekom-SHKSH.<\/li>\n<li>Sugjerim MBUMK p\u00ebr zbatimin e ligjit t\u00eb ushqimit dhe t\u00eb mbrojtjes s\u00eb konsumator\u00ebve konkretisht: tregun e rrug\u00ebs, tregjet pa kushte H-Sanitare, tregtim i produkteve ushqimore- blektorale n\u00eb kushte t\u00eb pa p\u00ebrshtashme, k\u00ebrkohet zbatim i ligjeve.<\/li>\n<li>Sugjerime M. Mjedisit: P\u00ebr p\u00ebrmir\u00ebsimin e mjedisit, n\u00eb mbrojtjen e Ujrave, lumenjve, pyjeve dhe g\u00ebrryerja e tok\u00ebs, l\u00ebnd\u00ebve inerte, prishjen e urave etj.<\/li>\n<li>Zbatimin e ligjshm\u00ebris\u00eb n\u00eb Transportin Rrugor<\/li>\n<li>MASH n\u00eb p\u00ebrmir\u00ebsimin e sistemit arsimor t\u00eb gjtha niveleve sidomos n\u00eb zonat e larg\u00ebta e rurale.<\/li>\n<li>Sugjerime p\u00ebr OSSH\/CEZ \u201cP\u00ebr p\u00ebrmir\u00ebsimin e sh\u00ebrbimit n\u00eb cil\u00ebsi e sasi p\u00ebr konsumatorin, kontrat\u00ebn e re dhe dh\u00ebnien e fatur\u00ebs.\u201d N\u00eb ekspozimin e mat\u00ebsve, n\u00eb evitimin e faturave afrofe, n\u00eb vendosjen e mat\u00ebsve t\u00eb rinj n\u00eb 25.000 mat\u00ebsa p\u00ebr transparenc\u00eb dhe sh\u00ebrbimin e premtuar ndaj konsumator\u00ebve<\/li>\n<li>N\u00eb lidhje me Kontrat\u00ebn dhe kushtet kontraktuese me konsumatorin<\/li>\n<li>N\u00eb lidhje me mos ngritjen e \u00e7mimit t\u00eb energjis\u00eb elektrike p\u00ebr konsumatorin e cila u mor n\u00eb konsiderat\u00eb.<\/li>\n<li>N\u00eb lidhje me hartimin e draftit t\u00eb masave p\u00ebr kundravajt\u00ebsit e energjis\u00eb elektrike.<\/li>\n<\/ul>\n<p>\n<\/div><div class=\"kc-elm kc-css-475404\" style=\"height: 57px; clear: both; width:100%;\"><\/div><div class=\"kc-elm kc-css-55244 kc_text_block\"><\/p>\n<p><strong>Ligjet p\u00ebr pronat, k\u00ebrkesa jon\u00eb e vazhdueshme p\u00ebr qart\u00ebsi, transparec\u00eb dhe zgjidhje problemesh.<\/strong><\/p>\n<ul>\n<li>Sugjerime ERU n\u00eb lidhje me Kontrat\u00ebn e re t\u00eb ujit dhe problemet shqet\u00ebsuese p\u00ebr Ujin e pijsh\u00ebm si munges\u00eb e kushteve Higjeno-Sanitare e sidomos n\u00eb plazh.<\/li>\n<li>Sugjerime nga Ministria e Sh\u00ebndet\u00ebsis\u00eb, mbi p\u00ebrmir\u00ebsimin e sh\u00ebrbimit spitalor si dhe p\u00ebr eleminimin e ndotjes nga oxhaku i djegieve t\u00eb mbetjeve spitalore<\/li>\n<li>Sugjerim p\u00ebr ligjin e konsumatorit p\u00ebr nenin 54\/b n\u00eb p\u00ebrputhje me kriteret e p\u00ebrcaktuara nga ministri pergjegjes p\u00ebr fush\u00ebn e tregtis\u00eb.<\/li>\n<\/ul>\n<p><strong>Aktivitetet m\u00eb t\u00eb spikatura t\u00eb shoqat\u00ebs p\u00ebr vitin 2010<\/strong><\/p>\n<p>Mbledhja e Asambles\u00eb s\u00eb P\u00ebrgjithshme t\u00eb Shoqat\u00ebs m\u00eb 16.12.2010 e cila u realizua me sukses me t\u00eb gjith\u00eb koordinator\u00ebt dhe drejtuesit n\u00eb rrethe, me t\u00eb ftuar nga institucionet shtet\u00ebrore q\u00eb bashk\u00ebpunon me SHKSH-n\u00eb, me p\u00ebrfaq\u00ebsues nga UNDP. Nga shoqata e organizata t\u00eb tjera si dhe miq t\u00eb shoqat\u00ebs. Takimi u realizua n\u00eb ambientet e Muzeut Historik nga ora 10-12-20 ku p\u00ebr t\u00eb ftuarit kishte dhe nj\u00eb koktejl. I gjith\u00eb aktiviteti \u00ebsht\u00eb pasqyruar nga Media \/9 televizionet shqiptare p\u00ebr konsumatorin po paraqesim pjes\u00ebn e Rezolut\u00ebs t\u00eb mbajtur nga Kryetari i Asmables\u00eb Z.Ali Hoxha.<\/p>\n<p>Pjes\u00ebmarrja e gjer\u00eb e antar\u00ebve t\u00eb SHKSH n\u00eb Tiran\u00eb dhe n\u00eb rrethe, me t\u00eb ftuarit koordinator\u00eb q\u00eb veprojn\u00eb n\u00eb t\u00eb gjith\u00eb Shqip\u00ebrin\u00eb. Mor\u00ebn pjes\u00eb dhe t\u00eb d\u00ebguarit nga dikasteret si: METE, Standartet, UNDP, Shoqata t\u00eb tjera si; Shoqata e Veteran\u00ebve, Invalid\u00ebve, Sh\/Flamuri i Kombit, Posta Shqiptare, p\u00ebrfaq\u00ebsuese nga organizata e gruas, gazetare dhe media ku mor\u00ebn pjes\u00eb 9 televizione t\u00eb cil\u00ebt pasqyruan zhvillimin dhe ecurin\u00eb e punimeve t\u00eb mbledhjes s\u00eb Asambles\u00eb.<br \/>Pasi u sigurua pjes\u00ebmarrja prej 223 persona u hap mbledhja nga Kryetari i Asambles\u00eb Z.Ali Hoxha i cili prezantoi Rendin e dit\u00ebs.<\/p>\n<ul>\n<li>Rezyme nga Kryetari i SHKSH Islam Cani<\/li>\n<li>Raporti mbi Raportin Vjetor t\u00eb 2010 t\u00eb SHKSH t\u00eb mbajtur nga Znj. Fatmira Bi\u00e7aku, aktiviteti ekonomiko- financiar.<\/li>\n<li>Kontrolli financiar Bledar Mema<\/li>\n<li>Vot\u00ebbesimi i organeve drejtuese t\u00eb SHKSH-s\u00eb<\/li>\n<li>Miratimi n\u00eb t\u00ebr\u00ebsi<\/li>\n<li>Miratimi i projekt-rezolut\u00ebs dhe paraqitja e saj nga A.Hoxha<\/li>\n<li>Zhvillimi i zgjedhjeve.<\/li>\n<\/ul>\n<p>\n<\/div><div class=\"kc-elm kc-css-757597\" style=\"height: 57px; clear: both; width:100%;\"><\/div><\/div><\/div><\/div><\/div><\/section>\n","protected":false},"excerpt":{"rendered":"<p>[kc_row use_container=\"yes\" force=\"no\" column_align=\"middle\" video_mute=\"no\" _id=\"284561\"][kc_column width=\"12\/12\" video_mute=\"no\" _id=\"1050\"][kc_spacing height=\"57px\" _id=\"284408\"][kc_column_text _id=\"190794\"]<\/p>\n<p>Raste t\u00eb nd\u00ebrhyrjes s\u00eb Shoqat\u00eb&#8230;<\/p>\n","protected":false},"author":1,"featured_media":0,"parent":0,"menu_order":0,"comment_status":"closed","ping_status":"closed","template":"tpl-king_composer.php","meta":{"footnotes":""},"class_list":["post-552","page","type-page","status-publish","hentry"],"_links":{"self":[{"href":"https:\/\/shmksh.org\/sq\/wp-json\/wp\/v2\/pages\/552","targetHints":{"allow":["GET"]}}],"collection":[{"href":"https:\/\/shmksh.org\/sq\/wp-json\/wp\/v2\/pages"}],"about":[{"href":"https:\/\/shmksh.org\/sq\/wp-json\/wp\/v2\/types\/page"}],"author":[{"embeddable":true,"href":"https:\/\/shmksh.org\/sq\/wp-json\/wp\/v2\/users\/1"}],"replies":[{"embeddable":true,"href":"https:\/\/shmksh.org\/sq\/wp-json\/wp\/v2\/comments?post=552"}],"version-history":[{"count":22,"href":"https:\/\/shmksh.org\/sq\/wp-json\/wp\/v2\/pages\/552\/revisions"}],"predecessor-version":[{"id":1118,"href":"https:\/\/shmksh.org\/sq\/wp-json\/wp\/v2\/pages\/552\/revisions\/1118"}],"wp:attachment":[{"href":"https:\/\/shmksh.org\/sq\/wp-json\/wp\/v2\/media?parent=552"}],"curies":[{"name":"wp","href":"https:\/\/api.w.org\/{rel}","templated":true}]}}