{"id":546,"date":"2019-02-19T16:11:56","date_gmt":"2019-02-19T16:11:56","guid":{"rendered":"http:\/\/konsumator1.shmksh.org\/?page_id=546"},"modified":"2019-03-14T19:32:50","modified_gmt":"2019-03-14T19:32:50","slug":"bashkepunimet","status":"publish","type":"page","link":"https:\/\/shmksh.org\/sq\/bashkepunimet\/","title":{"rendered":"Bashk\u00ebpunimet"},"content":{"rendered":"<section class=\"kc-elm kc-css-310621 kc_row\"><div class=\"kc-row-container  kc-container\"><div class=\"kc-wrap-columns\"><div class=\"kc-elm kc-css-816140 kc_col-sm-12 kc_column kc_col-sm-12\"><div class=\"kc-col-container\"><div class=\"kc-elm kc-css-592351 kc_text_block\"><\/p>\n<p><style type=\"text\/css\"><\/style>\n<\/p>\n<section class=\"kc-elm kc-css-948381 kc_row\">\n<div class=\"kc-row-container kc-container\">\n<div class=\"kc-wrap-columns\">\n<div class=\"kc-elm kc-css-2296069 kc_col-sm-12 kc_column kc_col-sm-12\">\n<div class=\"kc-col-container\">\n<div class=\"kc-elm kc-css-4332040\" style=\"height: 57px; clear: both; width: 100%;\">\u00a0<\/div>\n<div class=\"kc-elm kc-css-1797915 kc_text_block\">\n<p><strong>ACA\u00a0<\/strong>\u2013 \u00ebsht\u00eb pjes\u00eb e\u00a0<strong>Organizat\u00ebs Bot\u00ebrore t\u00eb Konsumatorit Internacional t\u00eb CI-s\u00eb<\/strong>, q\u00eb nga viti 1993. Ajo si antare CI-s\u00eb, punon me standartet komb\u00ebtare dhe nd\u00ebrkombtare.<\/p>\n<p>Shoqata e Konsumatorit Shqiptar shtrihet n\u00eb t\u00eb gjith\u00eb vendin me pikat e kontaktit, grupet dhe rajonet. Programet e pun\u00ebs p\u00ebrshtaten n\u00eb baz\u00eb t\u00eb rajonit. Tek t\u00eb 12 rajonet punojn\u00eb per informimin dhe edukimin e konsumator\u00ebve n\u00eb bashkpunim me pushtetin lokal dhe veprimtarin\u00eb e tyre e kan\u00eb t\u00eb programuar. Puna vullnetare b\u00ebhet n\u00eb k\u00ebto qytete Tiran\u00eb, Durr\u00ebs, Shkod\u00ebr, Lezh\u00eb, Peshkopi, Kuk\u00ebs, Elbasan, Berat, Gjirokast\u00ebr, Fier, Vlor\u00eb dhe Kor\u00e7\u00eb.<br \/>N\u00eb m\u00ebnyr\u00eb t\u00eb ve\u00e7ant\u00eb \u00ebsht\u00eb punuar me koordinator\u00ebt dhe specialist\u00ebt n\u00eb 6 rajonet m\u00eb t\u00eb m\u00ebdha p\u00ebr rritjen e nivelit t\u00eb njohjes s\u00eb ligjeve dhe t\u00eb t\u00eb drejtave t\u00eb konsumator\u00ebve. Ne kemi shp\u00ebrndar\u00eb z\u00ebrin e shoqat\u00ebs dhe t\u00eb pun\u00ebs s\u00eb saj n\u00eb mbrojtje t\u00eb interesave t\u00eb konsumator\u00ebve shqiptar\u00eb me an\u00ebn e mediave t\u00eb shkruara dhe asaj vizive, me shp\u00ebrndarjen e flet\u00ebpalosjeve, pankartave, gazetave etj.<\/p>\n<\/div>\n<div class=\"kc-elm kc-css-896939\" style=\"height: 57px; clear: both; width: 100%;\">\u00a0<\/div>\n<div class=\"kc-elm kc-css-3825554 kc_text_block\">\n<p><strong>Sipas nenit 17.1 t\u00eb Statutit: p\u00ebr realizimin e misionit shoqata bashk\u00ebpunon me shoqata homologe, institucione, persona juridik n\u00eb vend ose te huaj.<\/strong><\/p>\n<ul>\n<li>K\u00ebshtu n\u00eb kuadrin e bashk\u00ebpunimit t\u00eb vazhduesh\u00ebm ajo punon dhe mb\u00ebshtet fushatat e organizuara nga Konsumatori Nd\u00ebrkomb\u00ebtar CI<\/li>\n<li>Me Konsumatorin Europian BE<\/li>\n<li>Bashkpunim me METE (Drejtorin\u00eb e Mbrojtjes s\u00eb Konsumatorit \u2013 Mbikqyerjes s\u00eb Tregut\u201d<\/li>\n<li>Bashkpunim me Standartet DPS<\/li>\n<li>Bashk\u00ebpunim me MBUMK p\u00ebr AKU \u201cP\u00ebr Ligjet n\u00eb Mbrojtje t\u00eb Konsumatorit\u201d.<\/li>\n<li>Ministria e Sh\u00ebndet\u00ebsis\u00eb p\u00ebr \u201cJodizimin\u201d<\/li>\n<li>Bashk\u00ebpunim me Ministrin\u00eb e Integrimit \u201cPer OMGJ-t\u00eb.\u201d<\/li>\n<li>Bashk\u00ebpunim me UNDP<\/li>\n<li>Shoqatat Tregtare<\/li>\n<li>Bashk\u00ebpunim me Unionin e Biznesit<\/li>\n<li>Bashk\u00ebpunim me Organizat\u00ebn Italiane p\u00ebr sigurin\u00eb ushqimore me znj\/Maria Teresa Paglia<\/li>\n<li>Bashk\u00ebpunim me Koren\u00eb e Jugut mbi problemet e konsumator\u00ebve dhe G-20 n\u00eb Seul p\u00ebr sh\u00ebrbimet financiare ndaj konsumator\u00ebve<\/li>\n<li>Bashk\u00ebpunim me CI p\u00ebr fushat\u00ebn globale t\u00eb ushqimit p\u00ebr f\u00ebmij\u00eb\u201dObeziteti\u201d dhe p\u00ebr sh\u00ebrbimet e k\u00ebqija financiare e bankare ndaj konsumator\u00ebve.<\/li>\n<li>Bashk\u00ebpunim me Ministrin\u00eb e Financave mbi; sh\u00ebrbimet e k\u00ebqija financiare e bankare ndaj konsumatoreve dhe porosit\u00eb e G-20 p\u00ebr sektorin financiar.<\/li>\n<li>Bashk\u00ebpunim me Ministrin\u00eb e Shendet\u00ebsis\u00eb, mbi eleminimin e ndotjes nga oxhaku i djegieve t\u00eb mbetjeve spitalore duke menjanuar keshtu dhe ndotjen e ajrit dhe t\u00eb mjedisit.<\/li>\n<li>Bashk\u00ebpunim me Kosov\u00ebn<\/li>\n<li>Me Maqedonin\u00eb<\/li>\n<li>MPPT(sektori i uj\u00ebsjell\u00ebsit)<\/li>\n<li>Urdh\u00ebrin e Farmacist\u00ebve t\u00eb Shqip\u00ebris\u00eb<\/li>\n<li>Bashk\u00ebpunon me Autoritetin e Konkurrenc\u00ebs<\/li>\n<\/ul>\n<\/div>\n<div class=\"kc-elm kc-css-3374224\" style=\"height: 57px; clear: both; width: 100%;\">\u00a0<\/div>\n<div class=\"kc-elm kc-css-3794900 kc_text_block\">\n<p><strong>SHKSH-ja, ka lidhje me disa Shoqata lokale t\u00eb pavarura.<\/strong><\/p>\n<p><strong>SHKSH bashk\u00ebpunon me Shoqata t\u00eb interesuara si:<\/strong><\/p>\n<ul>\n<li>Shoqat\u00ebn e Bujq\u00ebsis\u00eb Organike<\/li>\n<li>Shoqat\u00ebn e Fermer\u00ebve<\/li>\n<li>Shoqat\u00ebn e Blektor\u00ebve<\/li>\n<li>Shoqat\u00ebn e Veteran\u00ebve<\/li>\n<li>Shoqat\u00ebn e Pensionist\u00ebve<\/li>\n<li>Shoqat\u00ebn e Konsumator\u00ebve Kosov\u00eb<\/li>\n<li>Shoqata t\u00eb tjera t\u00eb p\u00ebraf\u00ebrta dhe t\u00eb interesuara<\/li>\n<li>Shoqat\u00ebn \u201cFlamuri i Kombit\u201d<\/li>\n<li>Shoqat\u00ebn e Grave t\u00eb Shqip\u00ebris\u00eb<\/li>\n<li>Shoqat\u00ebn e Emigrant\u00ebve shqiptar\u00eb \u201cGreqi\u201dItali, Turqi, SHBA, Kanada, Zelanda e re etj\u2026<\/li>\n<\/ul>\n<p>Nj\u00eb v\u00ebmendje dhe nj\u00eb bashkpunim i shk\u00eblqyer ka qen\u00eb me median n\u00eb p\u00ebrgjith\u00ebsi e cila ka ndjekur dhe pasqyruar problematika t\u00eb ndryshme n\u00eb informimin dhe sensibilizimin e konsumator\u00ebve dhe sektoreve q\u00eb mbrojn\u00eb at\u00eb.<\/p>\n<p><strong>Bashkpunimi me Median e shkruar dhe at\u00eb vizive :<\/strong><\/p>\n<ul>\n<li>Artikuj t\u00eb botuar <strong>91<\/strong><\/li>\n<li>Intervista n\u00eb radio e televizione <strong>25<\/strong><\/li>\n<li>Ekspozita t\u00eb ndryshme n\u00eb qend\u00ebr dhe rrethe <strong>18<\/strong><\/li>\n<\/ul>\n<\/div>\n<div class=\"kc-elm kc-css-569500\" style=\"height: 57px; clear: both; width: 100%;\">\u00a0<\/div>\n<\/div>\n<\/div>\n<\/div>\n<\/div>\n<\/section>\n<p>\n<\/div><\/div><\/div><\/div><\/div><\/section>\n","protected":false},"excerpt":{"rendered":"<p>[kc_row use_container=\"yes\" force=\"no\" column_align=\"middle\" video_mute=\"no\" _id=\"310621\"][kc_column width=\"12\/12\" video_mute=\"no\" _id=\"816140\"][kc_column_text _id=\"592351\"]<\/p>\n<p><style type=\"text\/css\"><\/style>\n<\/p>\n<section class=\"kc-elm kc-css... \n\n","protected":false},"author":1,"featured_media":0,"parent":0,"menu_order":0,"comment_status":"closed","ping_status":"closed","template":"tpl-king_composer.php","meta":{"footnotes":""},"class_list":["post-546","page","type-page","status-publish","hentry"],"_links":{"self":[{"href":"https:\/\/shmksh.org\/sq\/wp-json\/wp\/v2\/pages\/546","targetHints":{"allow":["GET"]}}],"collection":[{"href":"https:\/\/shmksh.org\/sq\/wp-json\/wp\/v2\/pages"}],"about":[{"href":"https:\/\/shmksh.org\/sq\/wp-json\/wp\/v2\/types\/page"}],"author":[{"embeddable":true,"href":"https:\/\/shmksh.org\/sq\/wp-json\/wp\/v2\/users\/1"}],"replies":[{"embeddable":true,"href":"https:\/\/shmksh.org\/sq\/wp-json\/wp\/v2\/comments?post=546"}],"version-history":[{"count":19,"href":"https:\/\/shmksh.org\/sq\/wp-json\/wp\/v2\/pages\/546\/revisions"}],"predecessor-version":[{"id":1134,"href":"https:\/\/shmksh.org\/sq\/wp-json\/wp\/v2\/pages\/546\/revisions\/1134"}],"wp:attachment":[{"href":"https:\/\/shmksh.org\/sq\/wp-json\/wp\/v2\/media?parent=546"}],"curies":[{"name":"wp","href":"https:\/\/api.w.org\/{rel}","templated":true}]}}