{"id":543,"date":"2019-02-19T16:09:13","date_gmt":"2019-02-19T16:09:13","guid":{"rendered":"http:\/\/konsumator1.shmksh.org\/?page_id=543"},"modified":"2022-07-15T17:34:53","modified_gmt":"2022-07-15T17:34:53","slug":"antaresia","status":"publish","type":"page","link":"https:\/\/shmksh.org\/sq\/antaresia\/","title":{"rendered":"Antaresia"},"content":{"rendered":"<section class=\"kc-elm kc-css-690568 kc_row\"><div class=\"kc-row-container  kc-container\"><div class=\"kc-wrap-columns\"><div class=\"kc-elm kc-css-134012 kc_col-sm-12 kc_column kc_col-sm-12\"><div class=\"kc-col-container\"><div class=\"kc-elm kc-css-690685 kc_text_block\"><\/p>\n<p><style type=\"text\/css\"><\/style>\n<\/p>\n<section class=\"kc-elm kc-css-3985526 kc_row\">\n<div class=\"kc-row-container kc-container\">\n<div class=\"kc-wrap-columns\">\n<div class=\"kc-elm kc-css-817759 kc_col-sm-12 kc_column kc_col-sm-12\">\n<div class=\"kc-col-container\">\n<div class=\"kc-elm kc-css-3499948 kc_text_block\">\n<p><strong>SHKSH<\/strong>-ja u themelua m\u00eb,\u00a0<strong>15 Mars 1990<\/strong>\u00a0dhe u miratua n\u00eb gjykat\u00ebn e Tiran\u00ebs me nr.1177 Prot dat\u00eb, 03.10.1991ne baze te nenit 50 te ligjit per OJF. Numri i an\u00ebtar\u00ebve t\u00eb shoqat\u00ebs \u00ebsht\u00eb e shprehur , n\u00eb pika kontakti ,grupe, deg\u00eb, rajone, n\u00eb 56 qytete e qyteza,si dhe n\u00eb lagje dhe n\u00eb disa komuna t\u00eb m\u00ebdha.<\/p>\n<p>Shoqata e konsumatorit shqiptar ka shtrirje n\u00eb gjith\u00eb vendin, me strukture te organizuar vullnetare ne rajone , deg\u00eb, pika kontakti e grupe e individe.\u00a0<strong>SHKSH<\/strong>-ja u themelua m\u00eb,\u00a0<strong>15 Mars 1990<\/strong>\u00a0dhe u miratua n\u00eb gjykat\u00ebn e Tiran\u00ebs ne vitin 1991 me dokumentin nr.1177 Prot dat\u00eb, 03.10.1991 ne baze te nenit 50 te ligjit per OJF.<\/p>\n<p>An\u00ebtar\u00ebsia e shoqat\u00ebs funksionon e shp\u00ebrndar\u00eb n\u00eb disa forma e kategori si, n\u00eb individe, grupe, deg\u00eb, rajone, me shtrirje gjeografike gjith\u00eb vendin. Antar\u00ebsia kontribon me pun\u00eb vullnetare n\u00ebp\u00ebr aktivitete e fushata t\u00eb organizuara nga drejtuesit e zyrave q\u00ebndrore apo rajonale.<\/p>\n<p><strong>Studimi i realizuar n\u00eb vitin 2011\u00a0<\/strong>p\u00ebrsa i p\u00ebrket q\u00ebndrueshm\u00ebrin\u00eb numerike t\u00eb antar\u00ebsis\u00eb\u00eb e krahasuar me t\u00eb dhenat e m\u00ebparshme, arrit\u00ebm n\u00eb p\u00ebrfundim se kemi k\u00ebt\u00eb situat\u00eb t\u00eb profilit t\u00eb antar\u00ebsis\u00eb t\u00eb klasifikuara sipas k\u00ebtyre kategorive.<\/p>\n<p><strong>Kategoria e pare\u00a0<\/strong>ose grupi aktiv e kontribues n\u00eb kuot\u00ebn e antar\u00ebsis\u00eb nga 5000 nga \u00a0ishin\u00a0<strong>3500<\/strong>\u00a0me diferenc\u00eb prej 1500 antaresh t\u00eb larguar dhe arsyeja q\u00eb ne konstatuam ishte: emigrimi, l\u00ebvizja demografike brenda vendit, neper komuna, n\u00eb fshat, persona q\u00eb kan\u00eb ndryshuar adres\u00ebn si pasoj\u00eb e l\u00ebvizjes, t\u00eb s\u00ebmur\u00eb, invalid,\u00a0 pamund\u00ebsia q\u00eb t\u00eb paguajn\u00eb kuot\u00ebn, etj.<\/p>\n<p><strong>Kategoria e dyt\u00eb, ishte pjesa e antar\u00ebve aktiv\u00eb n\u00eb fushata,\u00a0<\/strong>m\u00eb shp\u00ebrndarje t\u00eb flet\u00eb palosjeve, broshurave, artikujve etj, na rezultoi\u00a0<strong>10.000<\/strong>\u00a0an\u00ebtar\u00eb nga\u00a0<strong>30.000 q\u00eb ishin para k\u00ebtij studimit ton\u00eb. Arsyet jan\u00eb\u00a0<\/strong>emigrimi, l\u00ebvizja demografike br\u00ebnda vendit, nga zonat urbane n\u00eb zona rurale, persona q\u00eb kan\u00eb ndryshuar adres\u00ebn si pasoj\u00eb e l\u00ebvizjes, persona q\u00eb jan\u00eb t\u00eb s\u00ebmur\u00eb, invalid etj.<\/p>\n<p><strong>Kategoria e tret\u00eb \u00a0ishin ai kontigjent antar\u00ebsh q\u00eb merrnin informacion\u00a0<\/strong>n\u00eb rrug\u00eb t\u00eb ndryshme t\u00eb komunikimit dhe t\u00eb postimit, pjesa e anat\u00ebrsis\u00eb s\u00eb mosh\u00ebs s\u00eb trete. Edhe ky kontigjent antar\u00ebsh ka p\u00ebsuar r\u00ebnie e ndryshime n\u00eb numur dhe ne funksion p\u00ebr arsye t\u00eb mosh\u00ebs, sh\u00ebndetit, emigrimit, pamund\u00ebsis\u00eb etj.\u00a0 Nga num i p\u00ebrgjithsh\u00ebm 25.000 na rezultojn\u00eb aktiv\u00eb\u00a0<strong>12.300<\/strong>\u00a0antar\u00eb n\u00eb gjith\u00eb vendin t\u00eb shp\u00ebrndar\u00eb n\u00eb grupe, rajone, deg\u00eb e pika kontakti .<strong>.<\/strong><\/p>\n<p><strong>SHKSH-ja, pas studimit ka k\u00ebt\u00eb profil t\u00eb antar\u00ebsis\u00eb:\u00a0 25.300 an\u00ebtar\u00eb aktiv\u00eb t\u00eb saj n\u00eb gjith\u00eb vendin dhe q\u00eb kontribojn\u00eb n\u00eb fushata, n\u00eb shp\u00ebrndarje t\u00eb materialeve informuese e nj\u00eb numur m\u00eb i vog\u00ebl q\u00eb paguajn\u00eb kuot\u00eb. Nga ky numur jan\u00eb af\u00ebrsisht nj\u00eb 5200 an\u00ebtar\u00eb q\u00eb paguajn\u00eb sipas mund\u00ebsis\u00eb kuot\u00ebn e antar\u00ebsis\u00eb, t\u00eb tjer\u00ebt kryejn\u00eb sh\u00ebrbime vullnetare.<\/strong><\/p>\n<p>Shoqata bashkpunon dhe sensibilizon organet e pushtetit qendror, (METE, MBUMK, M. Mjedisit, M.Shendetsise), me entete rregullatore dhe autoritetet e pavaruara( ERE, ERT, ERRU, Autoriteti i Konkurenc\u00ebs), me Standardet si dhe me pushtetin lokal. SHKSH ka bashkpunim t\u00eb shk\u00eblqyer me median e shkruar, vizive dhe acustike (radio). \u00a0Organizata jone ka bashkpunuar me CI, dhe me organizata t\u00eb tjera n\u00eb vend e t\u00eb huaja si: organizat\u00ebn e konsumatorit n\u00eb Kosov\u00eb, n\u00eb Itali, me organizaten Spanjolle Facua, Kanadane, me SHBA etj.<\/p>\n<p>N\u00eb harkun kohor\u00a0 Qershor 2012- Korrik 2013 kemi bashkpunuar me Televizionin A1 Report per informimin, k\u00ebshillimin e konsumatoreve mbi produktet ushqimore shtazore dhe bimore me teme:\u00a0<strong>\u201cA dime se \u00e7fare konsumojme\u201d me nje numur prej 180 emisione.<\/strong>\u00a0Puna jone dhe me mediat e tjera ka qene e sukseshme.<\/p>\n<p>Per vitin 2012 jane te\u00a0<u>regjistruara 224 emisione televizive dhe 107<\/u>\u00a0botime ne gazeta t\u00eb ndryshme sociale. Puna jon\u00eb kryesore ka qene : ne edukimin e konsumator\u00ebve p\u00ebr t\u00eb cil\u00ebn jan\u00eb shp\u00ebrndar\u00eb me mij\u00ebra flet\u00eb palosje e materiale t\u00eb tjera informuese ne gjithe vendin.<\/p>\n<p>\u2014\u2014\u2013<\/p>\n<p>UNDP ka kontribuar n\u00eb realizimin e flete palosjeve, t\u00eb kontratave si ajo\u00a0 ujit t\u00eb pish\u00ebm t\u00eb energjise elektrike dhe k\u00ebta botime u jan\u00eb shp\u00ebrndar\u00eb t\u00eb gjith\u00eb antar\u00ebve dhe me gj\u00ebr\u00eb.<\/p>\n<p>\u2014\u2014\u2013<\/p>\n<p>SHKSH \u2013ja, \u00ebsht\u00eb mb\u00ebshtetur me trajnime nga UNDP<\/p>\n<p>Shoqata e konsumatorit shqiptar, \u00a0informon, edukon\u00a0 konsumator\u00ebt q\u00eb nga individi, n\u00eb grupe konsumator\u00ebsh, e cila realizohet nga drejtuesit dhe kordinator\u00ebt \u00a0n\u00ebp\u00ebrmjet bisedave, takimeve, intervistave ne televizione e konferencave, por dhe me trajnimeve t\u00eb drejtues\u00ebve t\u00eb saj. Trajnimet organizata i realizon t\u00eb ndara n\u00eb disa kategori e forma pune si; fillimisht organizohen trajnime e kualifikime p\u00ebr drejtuesit kryesor, k\u00ebta drejtues t\u00eb\u00a0 trajnojn\u00eb p\u00ebrfaq\u00ebsues t\u00eb tjer\u00eb t\u00eb konsumator\u00ebve n\u00eb baz\u00eb, k\u00ebta t\u00eb fundit punojn\u00eb me qytetar\u00ebt me bisedat, takime n\u00eb grupe t\u00eb vogla ose takime ne qendra pune, marrin mendime, ankesa, k\u00ebrkesa, duke informuar qart\u00eb dhe duke k\u00ebshilluar thjeshte sipas problematikave q\u00eb konsumator\u00ebt paraqesin.<\/p>\n<p>Nj\u00eb r\u00ebnd\u00ebsi t\u00eb vecant\u00eb merr puna jon\u00eb edukuese p\u00ebr t\u00eb gjith\u00eb konsumator\u00ebt qofshin antare t\u00eb saj apo jo; me an\u00ebn e publikimit t\u00eb botimeve n\u00eb gazeta e revista,\u00a0 t\u00eb realizuar n\u00ebp\u00ebrmjet shtypit t\u00eb shkruar. Edukimi, informimi, k\u00ebshillimi me an\u00ebn e medias vizive (televizionet) per vitin 2012 ka qene vit i suksessh\u00ebm . Edukimi i konsumator\u00ebve realizohet me forma t\u00eb tjera t\u00eb p\u00ebrshtatshme sipas koh\u00ebs dhe hapsir\u00ebs.\u00a0Fushat, ne te cilat Shoqata kryen aktivitetin e saj jan\u00eb :<\/p>\n<p><strong>Edukim dhe ndergjegjesim<\/strong>\u00a0n\u00eb shkolla dhe jasht\u00eb saj, n\u00ebp\u00ebrmjet takimeve, bisedave, intervistave, synojn\u00eb njohjen e ligjeve, marr\u00ebdhenieve treg-konsumator, shp\u00ebrndarjen e botimeve t\u00eb ndryshme, broshura, flet\u00eb palosje, n\u00ebp\u00ebrmjet fushatave t\u00eb ndryshme si; 15 Marsi -Dita Nderkombetare e Konsumatoreve, ushqimet e shendetshme per femije, kujdesi per konsumatoret e rinj, fushata Anti-duhan, Sh\u00ebndeti dhe Mjedisi i paster, kujdesi nga fast-food, botime p\u00ebrnd\u00ebrgjegjesimin e konsumatoreve mbi sherbimet e keqija ne banka, informim te konsumatoreve per rrezikun e tregjeve ambulante dhe produktet e rrezikshme\u00a0etj, botimeve n\u00eb shtyp, intervistave, biseda ne radio dhe televizione, konferenca etj.<\/p>\n<p>Shoqata informon, edukon dhe\u00a0<strong>k\u00ebshillon<\/strong>\u00a0konsumator\u00ebt p\u00ebr vet\u00ebmbrojtje dhe t\u00eb aft\u00eb p\u00ebr t\u2019i b\u00ebr\u00eb ato n\u00eb gjendje p\u00ebr t\u00eb ndihmuar edhe t\u00eb tjer\u00ebt.<strong>\u00a0<\/strong>Keshillimi yn\u00eb realizohet nga puna e stafit dhe specialist\u00ebt e saj, drejtuesit sipas ndarjes q\u00eb kemi b\u00ebr\u00eb m\u00eb lart n\u00eb zyrat e keshillimit qytetar, grumbullohen k\u00ebrkesa, ankesa, jepen keshillime p\u00ebr fusha t\u00eb ndryshme si n\u00eb sektorin ushqimore, t\u00eb mjedisit, sh\u00ebrbimeve t\u00eb ndryshme, t\u00eb blerjes s\u00eb produkteve dhe t\u00eb mjeteve t\u00eb p\u00ebrdorimit si dhe sh\u00ebrbimeve, n\u00eb sektorin juridik etj. P\u00ebrsa i p\u00ebrket sektorit juridik ai mblidhet thirret kur ka grumbullime t\u00eb kerkesave nga konsumator\u00ebt dhe k\u00ebshillimi jepet n\u00eb forma individuale dhe kolektive.<\/p>\n<p>Shoqata e Konsumatorit Shqiptar realizon disa sh\u00ebrbime si : anketimeve, testimeve, sondazheve, pyetesoreve, merr<strong>ankesa<\/strong>\u00a0dhe punon p\u00ebr zgjidhjen e tyre, b\u00ebn negociata me organe shteterore dhe biznesin. K\u00ebta konsistojn\u00eb n\u00eb mbrojtje, sigurim t\u00eb sh\u00ebrbimeve dhe t\u00eb produkteve, p\u00ebr t\u00eb plot\u00ebsuar d\u00ebshirat dhe k\u00ebnaq\u00ebsite e konsumator\u00ebve.\u00a0Duke u bazuar n\u00eb ankesat, shoqata mbron interesat ekonomike t\u00eb konsumator\u00ebve n\u00eb \u00e7do fush\u00eb t\u00eb politikave sociale t\u00eb interesave t\u00eb tyre.\u00a0Ankesat m\u00eb t\u00eb shumta n\u00eb munur kan\u00eb qen\u00eb: p\u00ebr munges\u00ebn e sigurin\u00eb ushqimore, p\u00ebr munges\u00ebn e siguris\u00eb s\u00eb ujin e pish\u00ebm, p\u00ebr abuzime\u00a0 dhe keq faturime t\u00eb energjin\u00eb, p\u00ebr telefonon\u00eb, produktet industriale n\u00ebn peshe, pa etiket\u00eb, p\u00ebr munges\u00eb t\u00eb sh\u00ebrbimeve sh\u00ebndet\u00ebsore- arsimore, p\u00ebr turiz\u00ebm (hoteleri, restorante); mang\u00ebsira n\u00eb transportin urban, abuzim me kontratat e blerjes s\u00eb\u00a0banesave te reja, pa termoizolimin e hidroizolim\u00a0, ndotja e mjedisit, etj.<\/p>\n<p>Organizata realizon ndermjetsimin dhe negocon me organet p\u00ebrkat\u00ebse shtet\u00ebrore dhe me biznesin (tregun), ku nj\u00eb numur i konsideruesh\u00ebm jan\u00eb zgjidhur dhe vet\u00ebm 2 raste me gjykat\u00eb ku ka fituar konsumatori yn\u00eb.<\/p>\n<p><strong>Stafi:\u00a0<\/strong>Shoqata e Konsumatorit Shqiptar ka nj\u00eb staf prej 2 vetash, 1 i pun\u00ebsuar me koh\u00eb t\u00eb plot\u00eb, 1 vullnetare, 1 person specialist i financave, i cili aktivizohet kur shoqata ka nevoje, sipas rastit ne varesi te nevojave te shoqates. Gjithashtu aktivizohen dhe specialist\u00eb t\u00eb tjer\u00eb vullnetar\u00eb ne sektor\u00eb t\u00eb ndrysh\u00ebm.\u00a0Puna vullnetare realizohet me aktivizimin e antar\u00ebve n\u00eb fushata e aktivitete me temat e perzgjedhura dhe ato t\u00eb rekomanduara nga CI ne pershtatje me mundesite\u00a0 e vendit ton\u00eb.<\/p>\n<h4>EKSPERTET Prane Shoqates<\/h4>\n<ol>\n<li>Leonard Berberi &#8211; Ekonomist<\/li>\n<li>Mustafa Tola \u2013 Mjek\/Veterinar<\/li>\n<li>Selman Shquti \u2013 Biolog<\/li>\n<li>Valbona Sotiri \u2013 Financ\u00eb<\/li>\n<li>Saimir Tola \u2013 Inxh\/Informat<\/li>\n<li>Emela Hoxha \u2013 Juriste<\/li>\n<li>Mehdi Marku \u2013 Ekonomist<\/li>\n<li>Selim Bushi Teknik \u2013 Nd\u00ebrtimi<\/li>\n<li>Rasim Bi\u00e7aku Histori \u2013 Gjeografi<\/li>\n<li>Ali Hoxha \u2013 Gjuhesi<\/li>\n<li>Artef Leka \u2013 Ekonomist<\/li>\n<li>Bledar Zhuri \u2013 Kimist\/Ushqimor<\/li>\n<li>Flori Loka \u2013 Ekonomist<\/li>\n<li>Eleni Vangjeli \u2013 Financiere<\/li>\n<li>Rifat Xhina \u2013 Gjuhe-Let\u00ebrsi<\/li>\n<li>Lorena Beqiri \u2013 Juriste<\/li>\n<\/ol>\n<h4>MIQ TE SHOQATES QE ANGAZHOHEN PER PUNIME SHKENCORE, PROJEKTE DHE NDIHMA FINANCIARE<\/h4>\n<ol>\n<li>Eleni Vangjeli \u2013 Dr. Shkencash Ekonomike<\/li>\n<li>Ahmet Osja \u2013 Dr.Shkencave (Agronomi)<\/li>\n<li>Hajredin Toca \u2013 Ekonomi \u2013 Agrare Asistent<\/li>\n<li>Nazmi Tola \u2013 Biznesmen<\/li>\n<li>Spartak Kamberi \u2013 Inxhinjer\/Mekanik \u2013Biznesmen<\/li>\n<li>Arben Cani Inxhinjer \u2013 Ekonomist\/ me Bursen<\/li>\n<li>Galip Rrema \u2013 Ekonomist-Biznesmen<\/li>\n<li>Zabit Bushi \u2013 Ekonomist<\/li>\n<li>Zana Kamberi \u2013 Dr.Shkencave Arkeologjike<\/li>\n<\/ol>\n<h4>KOMITETI<\/h4>\n<ol>\n<li>Ervin Resuli<\/li>\n<li>Anisa Buneci<\/li>\n<li>Manjola Lushka<\/li>\n<li>Sander Xhambazi<\/li>\n<\/ol>\n<h4>KOMITETI TEKNIK ORGANIZATIV<\/h4>\n<ol>\n<li>FATMIRA BI\u00c7AKU<\/li>\n<li>YMER KETA<\/li>\n<li>EQEREM RUSTA<\/li>\n<li>XHEVDET BASHLLARI<\/li>\n<li>SHELDIANA AGARAJ<\/li>\n<\/ol>\n<h4>KOMISIONI I KONTROLLIT FINANCIAR<\/h4>\n<ol>\n<li>Hajredin Toca Ekonomi \u2013 Agrare Asistent<\/li>\n<li>Thelleza Kushta \u2013 Financiere<\/li>\n<li>Bledar Mema Ekonomi \u2013 Biznes<\/li>\n<\/ol>\n<h4>KESHILLI I SHOQATES PERBEHET<\/h4>\n<ol>\n<li>Ali Hoxha<\/li>\n<li>Petraq Xhorxhi<\/li>\n<li>Gezim Saliu<\/li>\n<li>Ervin Resuli<\/li>\n<li>Anisa Buneci<\/li>\n<li>Blerina Shameti<\/li>\n<li>Etleva Collaku<\/li>\n<li>Elona Islamllari<\/li>\n<li>Manjola Lushka<\/li>\n<li>Sander Xhambazi<\/li>\n<li>Perparim Habili<\/li>\n<\/ol>\n<h4>STAFI I SHOQATES<\/h4>\n<ol>\n<li>ERVIN RESULI \u2013 Kryetar<\/li>\n<li>ELONA ISLAMLLARI \u2013 Administratore<\/li>\n<\/ol>\n<p><u><strong>Stafi i Shoqat\u00ebs q\u00eb punojn\u00eb me honorare ne qender dhe sipas nevojave.<\/strong><\/u><\/p>\n<\/div>\n<\/div>\n<\/div>\n<\/div>\n<\/div>\n<\/section>\n<p>\n<\/div><\/div><\/div><\/div><\/div><\/section>\n","protected":false},"excerpt":{"rendered":"<p>[kc_row use_container=\"yes\" force=\"no\" column_align=\"middle\" video_mute=\"no\" _id=\"690568\"][kc_column width=\"12\/12\" video_mute=\"no\" _id=\"134012\"][kc_column_text _id=\"690685\"]<\/p>\n<p><style type=\"text\/css\"><\/style>\n<\/p>\n<section class=\"kc-elm kc-css-39... \n\n","protected":false},"author":1,"featured_media":0,"parent":0,"menu_order":0,"comment_status":"closed","ping_status":"closed","template":"","meta":{"footnotes":""},"class_list":["post-543","page","type-page","status-publish","hentry"],"_links":{"self":[{"href":"https:\/\/shmksh.org\/sq\/wp-json\/wp\/v2\/pages\/543","targetHints":{"allow":["GET"]}}],"collection":[{"href":"https:\/\/shmksh.org\/sq\/wp-json\/wp\/v2\/pages"}],"about":[{"href":"https:\/\/shmksh.org\/sq\/wp-json\/wp\/v2\/types\/page"}],"author":[{"embeddable":true,"href":"https:\/\/shmksh.org\/sq\/wp-json\/wp\/v2\/users\/1"}],"replies":[{"embeddable":true,"href":"https:\/\/shmksh.org\/sq\/wp-json\/wp\/v2\/comments?post=543"}],"version-history":[{"count":102,"href":"https:\/\/shmksh.org\/sq\/wp-json\/wp\/v2\/pages\/543\/revisions"}],"predecessor-version":[{"id":1238,"href":"https:\/\/shmksh.org\/sq\/wp-json\/wp\/v2\/pages\/543\/revisions\/1238"}],"wp:attachment":[{"href":"https:\/\/shmksh.org\/sq\/wp-json\/wp\/v2\/media?parent=543"}],"curies":[{"name":"wp","href":"https:\/\/api.w.org\/{rel}","templated":true}]}}