{"id":538,"date":"2019-02-19T16:03:48","date_gmt":"2019-02-19T16:03:48","guid":{"rendered":"http:\/\/konsumator1.shmksh.org\/?page_id=538"},"modified":"2019-03-11T13:42:05","modified_gmt":"2019-03-11T13:42:05","slug":"organizim","status":"publish","type":"page","link":"https:\/\/shmksh.org\/sq\/organizim\/","title":{"rendered":"Organizimi"},"content":{"rendered":"<section class=\"kc-elm kc-css-443408 kc_row\"><div class=\"kc-row-container  kc-container\"><div class=\"kc-wrap-columns\"><div class=\"kc-elm kc-css-832879 kc_col-sm-12 kc_column kc_col-sm-12\"><div class=\"kc-col-container\"><div class=\"kc-elm kc_text_block\"><style type=\"text\/css\">body.kc-css-system .kc-css-4290075 ,body.kc-css-system .kc-css-4290075 p{text-align: justify;}<\/style>\n<\/p>\n<section class=\"kc-elm kc-css-3341935 kc_row\">\n<div class=\"kc-row-container kc-container\">\n<div class=\"kc-wrap-columns\">\n<div class=\"kc-elm kc-css-528370 kc_col-sm-12 kc_column kc_col-sm-12\">\n<div class=\"kc-col-container\">\n<div class=\"kc-elm kc-css-2492018\" style=\"height: 57px; clear: both; width: 100%;\">\u00a0<\/div>\n<div class=\"kc-elm kc-css-4290075 kc_text_block\">\n<h4><strong>T\u00eb drejtat e konsumatorit Shqiptar<\/strong><\/h4>\n<p><!-- \/wp:heading --><!-- wp:paragraph --> <em>Sipas Ligjit Nr. 9902 dat\u00eb 17.4.2008, neni 4. T\u00eb drejtat baz\u00eb t\u00eb konsumator\u00ebve shqiptar\u00eb jan\u00eb:<\/em> <!-- \/wp:paragraph --><!-- wp:list --><\/p>\n<ul>\n<li>e drejta e mbrojtjes s\u00eb sh\u00ebndetit, mjedisit dhe siguris\u00eb s\u00eb jet\u00ebs<\/li>\n<li>e drejta e mbrojtjes s\u00eb interesave ekonomike<\/li>\n<li>e drejta p\u00ebr t\u2019u ankuar<\/li>\n<li>e drejta p\u00ebr t&#8217;u d\u00ebmshp\u00ebrblyer (k\u00ebrkuar kompensim)<\/li>\n<li>e drejta p\u00ebr edukim<\/li>\n<li>e drejta p\u00ebr t\u00eb marr\u00eb informacion<\/li>\n<li>e drejta e p\u00ebrdorimit (p\u00ebr t\u00eb patur akses n\u00eb sh\u00ebrbimet publike)<\/li>\n<li>e drejta e mbrojtjes ligjore<\/li>\n<li>e drejta p\u00ebr t\u2019u organizuar n\u00eb shoqata ose unione q\u00eb synojn\u00eb mbrojtjen e interesave t\u00eb konsumatorit n\u00eb organe vendim-marr\u00ebse.<\/li>\n<\/ul>\n<p><!-- \/wp:list --><!-- wp:heading {\"level\":4} --><\/p>\n<h4><strong>Mb\u00ebshtetja ligjore<\/strong><\/h4>\n<p><!-- \/wp:heading --><!-- wp:list {\"ordered\":true} --><\/p>\n<ol>\n<li>Shoqata zhvillon veprimtarin\u00eb e saj n\u00eb baz\u00eb t\u00eb:<\/li>\n<li>Kushtetut\u00ebs s\u00eb Republik\u00ebs s\u00eb Shqip\u00ebris\u00eb, sikurse \u00ebsht\u00eb p\u00ebrcaktuar n\u00eb nenin 19 t\u00eb Statutit t\u00eb SHKSH-s\u00eb.<\/li>\n<li>Ligji nr. 8788, dat\u00eb 07.05.2001 \u201cP\u00ebr Organizatat Jofitimprur\u00ebse\u201d<\/li>\n<li>Statuti i Shoqat\u00ebs s\u00eb Konsumatorit<\/li>\n<li>Ligji i ri \u201cP\u00ebr Mbrojtjen e Konsumatorit\u201d nr, 9902, dat\u00eb 17.04.2008.<\/li>\n<li>Ligji i Ushqimit nr, 9863, dat\u00eb 28.01.2008<\/li>\n<li>Ligji i Sh\u00ebrbimit Veterinar<\/li>\n<li>Ligji p\u00ebr Ujrat<\/li>\n<li>Ligji p\u00ebr Ushqimin e blektoris\u00eb<\/li>\n<li>Ligji p\u00ebr Alkoolin<\/li>\n<li>Ligji p\u00ebr Tregtin\u00eb, Kodin tregtar, Kodin Doganor, Kodin Civil<\/li>\n<li>Ligji i Inspektoriatit Sanitar Shtet\u00ebror<\/li>\n<li>Ligji p\u00ebr Urbanistik\u00ebn<\/li>\n<li>Ligji p\u00ebr Barnat Mjeksore<\/li>\n<li>Ligji p\u00ebr Mbrojtjen e Mjedisit<\/li>\n<li>Kodexi Alimentar! \u2013 i pa p\u00ebrfunduar<\/li>\n<li>Ligji Antiduhan<\/li>\n<li>Ligji i Termo-Hidroizolimit<\/li>\n<li>Ligji i Sektorit t\u00eb Energjitik\u00ebs<\/li>\n<li>Ligji i Telekomunikacionit<\/li>\n<li>Ligji p\u00ebr Pushtetin Lokal dhe emergjencat civile<\/li>\n<\/ol>\n<p><!-- \/wp:list --><!-- wp:heading {\"level\":4} --><\/p>\n<ul>\n<li>\u00a0<\/li>\n<\/ul>\n<p><!-- \/wp:list --><\/div>\n<div class=\"kc-elm kc-css-2654739\" style=\"height: 57px; clear: both; width: 100%;\">\u00a0<\/div>\n<div class=\"kc-elm kc-css-1184774 kc_text_block\">\n<h4><strong>Pjes\u00eb nga:\u00a0<\/strong><strong>Statuti i \u201cShoqat\u00ebs s\u00eb Konsumatorit Shqiptar\u201d<\/strong><\/h4>\n<p><!-- \/wp:heading --><!-- wp:paragraph --> <strong>*** Neni 1 :<\/strong>\u00a0Shoqata \u00ebsht\u00eb nj\u00eb organizat\u00eb jofitimprur\u00ebse n\u00eb form\u00ebn ligjore t\u00eb \u201cShoqat\u00ebs\u201d dhe p\u00ebrb\u00ebhet nga nj\u00eb bashkim vullnetar i bler\u00ebsve dhe p\u00ebrdoruesve t\u00eb mallrave dhe sh\u00ebrbimeve shqiptare apo t\u00eb huaja. <strong>*** Neni 3 :<\/strong>\u00a0Q\u00ebllimi i Shoqat\u00ebs \u00ebsht\u00eb mbrojtja e konsumatorit, si dhe t\u00eb edukoj\u00eb qytetar\u00ebt me normat ligjore ku t\u00eb mbrohen dhe t\u00eb realizohen t\u00eb drejtat dhe interesat e tyre. <strong>*** Neni 4 : 4.1.<\/strong>\u00a0Objekti i Shoqat\u00ebs, t\u00eb b\u00ebj\u00eb t\u00eb njohura tek qytetar\u00ebt t\u00eb drejtat e konsumator\u00ebve nga OKB dhe Konsumatorit Nd\u00ebrkomb\u00ebtar (CI), t\u00eb drejtat e konsumatorit sipas ligjeve q\u00eb mbrojn\u00eb konsumatorin si dhe t\u00eb akteve n\u00ebn\/ligjor\u00eb. Per t\u2019i b\u00ebr\u00eb ato t\u00eb v\u00ebt\u00ebdijsh\u00ebm p\u00ebr mbrojtjen n\u00eb rrug\u00eb ligjore t\u00eb interesave t\u00eb tyre. <strong>*** Neni 4 : 4.3<\/strong>\u00a0N\u00eb baz\u00eb t\u00eb ankesave shoqata mbron interesat social- ekonomike n\u00eb \u00e7do fush\u00eb t\u00eb interesave t\u00eb tyre. <strong>*** Neni 4 : 4.4.<\/strong>\u00a0Shoqata informon, k\u00ebshillon, edukon, konsumator\u00ebt n\u00eb p\u00ebrshtatje me nevojat e tyre, trajnon persona fizik\u00eb dhe juridik\u00eb\u00a0q\u00eb ofrojn\u00eb mallra dhe sh\u00ebrbime, q\u00eb respektojn\u00eb standartet, ligjet konform marr\u00ebveshjeve t\u00eb dy pal\u00ebve. <strong>*** Neni 4 : 4.5<\/strong>. Sa her\u00eb q\u00eb c\u00ebnohen t\u00eb drejtat e konsumatorit nga tregu, shoqata informon organet shtet\u00ebrore p\u00ebrkat\u00ebse dhe k\u00ebrkon nd\u00ebrhyrjen e tyre p\u00ebr zbatimin e ligjeve n\u00eb favor t\u00eb konsumator\u00ebve. <strong>*** Neni 5.6 :\u00a0<\/strong>Shoqata merr n\u00eb mbrojtje persona fizik\u00eb apo juridik\u00eb, t\u00eb cil\u00ebt jan\u00eb apo nuk jan\u00eb antar\u00ebt e shoqat\u00ebs, por si konsumator\u00eb k\u00ebrkojn\u00eb mbrojtjen e saj. <strong>*** Neni 6 :\u00a0<\/strong>Ndalimi i shp\u00ebrndarjes s\u00eb fitimeve Nuk lejohet asnj\u00eb form\u00eb e shp\u00ebrndarjes s\u00eb fitimit, ose e p\u00ebrfitimit financiar dhe materiale nga t\u00eb ardhurat dhe fitimet e shoqat\u00ebs prej personave q\u00eb jan\u00eb subjekte t\u00eb statutit ose aktit themelues, p\u00ebrve\u00e7 detyrimeve t\u00eb form\u00ebs s\u00eb pagesave nga kontrata e pun\u00ebs. <strong>*** Neni 7<\/strong>\u00a0Koh\u00ebzgjatja, Shoqata ushtron aktivitetin e saj p\u00ebr nj\u00eb afat kohor t\u00eb pacaktuar. <strong>*** Neni 8 :<\/strong>\u00a0Organet Drejtuese <!-- \/wp:paragraph --><!-- wp:list --><\/p>\n<ul>\n<li>Asambleja si organ vendimmarr\u00ebs<\/li>\n<li>Komiteti Drejtues zgjidhet nga Asambleja,<\/li>\n<li>Kryetari, Sekretari i P\u00ebrgjithsh\u00ebm<\/li>\n<\/ul>\n<\/div>\n<\/div>\n<\/div>\n<\/div>\n<\/div>\n<\/section>\n<p>\n<\/div><\/div><\/div><\/div><\/div><\/section>","protected":false},"excerpt":{"rendered":"<p>[kc_row use_container=\"yes\" force=\"no\" column_align=\"middle\" video_mute=\"no\" _id=\"443408\"][kc_column width=\"12\/12\" video_mute=\"no\" _id=\"832879\"][kc_column_text]<\/p>\n<style type=\"text\/css\">body.kc-css-system .kc-css-4290075 ,body.kc-css-system .kc-css-4...<\/p>\n","protected":false},"author":1,"featured_media":0,"parent":0,"menu_order":0,"comment_status":"closed","ping_status":"closed","template":"tpl-king_composer.php","meta":{"footnotes":""},"class_list":["post-538","page","type-page","status-publish","hentry"],"_links":{"self":[{"href":"https:\/\/shmksh.org\/sq\/wp-json\/wp\/v2\/pages\/538","targetHints":{"allow":["GET"]}}],"collection":[{"href":"https:\/\/shmksh.org\/sq\/wp-json\/wp\/v2\/pages"}],"about":[{"href":"https:\/\/shmksh.org\/sq\/wp-json\/wp\/v2\/types\/page"}],"author":[{"embeddable":true,"href":"https:\/\/shmksh.org\/sq\/wp-json\/wp\/v2\/users\/1"}],"replies":[{"embeddable":true,"href":"https:\/\/shmksh.org\/sq\/wp-json\/wp\/v2\/comments?post=538"}],"version-history":[{"count":24,"href":"https:\/\/shmksh.org\/sq\/wp-json\/wp\/v2\/pages\/538\/revisions"}],"predecessor-version":[{"id":967,"href":"https:\/\/shmksh.org\/sq\/wp-json\/wp\/v2\/pages\/538\/revisions\/967"}],"wp:attachment":[{"href":"https:\/\/shmksh.org\/sq\/wp-json\/wp\/v2\/media?parent=538"}],"curies":[{"name":"wp","href":"https:\/\/api.w.org\/{rel}","templated":true}]}}