{"id":497,"date":"2017-08-01T13:13:46","date_gmt":"2017-08-01T13:13:46","guid":{"rendered":"http:\/\/tonatheme.com\/newwp\/huminity\/?page_id=7"},"modified":"2019-06-26T16:38:41","modified_gmt":"2019-06-26T16:38:41","slug":"homepage","status":"publish","type":"page","link":"https:\/\/shmksh.org\/sq\/","title":{"rendered":"Kreu"},"content":{"rendered":"<p><section class=\"kc-elm kc-css-361182 kc_row\"><div class=\"kc-row-container\"><div class=\"kc-wrap-columns\"><div class=\"kc-elm kc-css-827553 kc_col-sm-12 kc_column kc_col-sm-12\"><div class=\"kc-col-container\"><\/div><\/div><\/div><\/div><\/section><section class=\"kc-elm kc-css-577634 kc_row\"><div class=\"kc-row-container  kc-container\"><div class=\"kc-wrap-columns\"><div class=\"kc-elm kc-css-714216 kc_col-sm-12 kc_column kc_col-sm-12\"><div class=\"kc-col-container\">\n\n<!--Services Section-->\n<section class=\"services-section\">\n\t<div class=\"auto-container\">\n\t\t<!--Services Title-->\n\t\t<div class=\"services-title\">\n\t\t\t<h2><p> Shoqata <span> informon, k\u00ebshillon dhe edukon<\/span> klient\u00ebt n\u00eb p\u00ebrputhje me nevojat e tyre. <\/ p><\/h2>\n\t\t\t<div class=\"text\">Ky portal \u00ebsht\u00eb i dedikuar p\u00ebr mbrojtjen e t\u00eb drejtave t\u00eb konsumatorit dhe edukimin e qytetar\u00ebve kund\u00ebr normave ligjore <br>ku t\u00eb drejtat dhe interesat e tyre mbrohen dhe realizohen\r\n\r\n<\/div>\n\t\t<\/div>\n\t\t<div class=\"clearfix\">\n\t\t\t\t\t\t<!--Services Style One-->\n\t\t\t<div class=\"services-style-one col-md-4 col-sm-6 col-xs-12\">\n\t\t\t\t<div class=\"inner-box\">\n\t\t\t\t\t<div class=\"icon-box\">\n\t\t\t\t\t\t<span class=\"icon fa fa-building-o\"><\/span>\n\t\t\t\t\t<\/div>\n\t\t\t\t\t<h3><a href=\"https:\/\/shmksh.org\/sq\/services\/themelimi\/\">Kush jemi?<\/a><\/h3>\n\t\t\t\t\t<div class=\"title\">Dedikuar Mbrojtjes s\u00eb Konsumatorit<\/div>\n\t\t\t\t\t<div class=\"text\">SHKSH-ja \u00ebsht\u00eb nj\u00eb organizat\u00eb jofitimprur\u00ebse e themeluar m\u00eb, 15 Mars 1990 dhe u miratua n\u00eb gjykat\u00ebn e Tiran\u00ebs ne vitin 1991.<\/div>\n\t\t\t\t<\/div>\n\t\t\t<\/div>\n\t\t\t\t\t\t<!--Services Style One-->\n\t\t\t<div class=\"services-style-one col-md-4 col-sm-6 col-xs-12\">\n\t\t\t\t<div class=\"inner-box\">\n\t\t\t\t\t<div class=\"icon-box\">\n\t\t\t\t\t\t<span class=\"icon fa fa-arrow-circle-o-up\"><\/span>\n\t\t\t\t\t<\/div>\n\t\t\t\t\t<h3><a href=\"https:\/\/shmksh.org\/sq\/services\/qellimi\/\">\u00c7far\u00eb b\u00ebjm\u00eb?<\/a><\/h3>\n\t\t\t\t\t<div class=\"title\">P\u00ebrmir\u00ebsimi Produkt &amp; Sh\u00ebrbim<\/div>\n\t\t\t\t\t<div class=\"text\">Mbrojtja e konsumatorit dhe edukimi i qytetar\u00ebve me normat ligjore ku t\u00eb mbrohen dhe t\u00eb realizohen t\u00eb drejtat dhe interesat e tyre.<\/div>\n\t\t\t\t<\/div>\n\t\t\t<\/div>\n\t\t\t\t\t\t<!--Services Style One-->\n\t\t\t<div class=\"services-style-one col-md-4 col-sm-6 col-xs-12\">\n\t\t\t\t<div class=\"inner-box\">\n\t\t\t\t\t<div class=\"icon-box\">\n\t\t\t\t\t\t<span class=\"icon flaticon-location-pin\"><\/span>\n\t\t\t\t\t<\/div>\n\t\t\t\t\t<h3><a href=\"https:\/\/shmksh.org\/sq\/services\/lokacioni\/\">Ku jemi?<\/a><\/h3>\n\t\t\t\t\t<div class=\"title\">Gjendemi Kudo n\u00eb Shqip\u00ebri<\/div>\n\t\t\t\t\t<div class=\"text\">Shoqata e Konsumatorit Shqiptar ka shtrirje n\u00eb gjith\u00eb vendin, me struktur\u00eb t\u00eb organizuar vullnetare n\u00eb rajone,\u00a0deg\u00eb, pika kontakti, grupe e individ\u00eb.<\/div>\n\t\t\t\t<\/div>\n\t\t\t<\/div>\n\t\t\t\t\t<\/div>\n\t<\/div>\n<\/section>\n<!--End Services Section-->\n\n<\/div><\/div><\/div><\/div><\/section><section class=\"kc-elm kc-css-310464 kc_row\"><div class=\"kc-row-container  kc-container\"><div class=\"kc-wrap-columns\"><div class=\"kc-elm kc-css-46226 kc_col-sm-12 kc_column kc_col-sm-12\"><div class=\"kc-col-container\"><\/div><\/div><\/div><\/div><\/section><section class=\"kc-elm kc-css-273503 kc_row\"><div class=\"kc-row-container\"><div class=\"kc-wrap-columns\"><div class=\"kc-elm kc-css-221676 kc_col-sm-12 kc_column kc_col-sm-12\"><div class=\"kc-col-container\"><\/div><\/div><\/div><\/div><\/section><section class=\"kc-elm kc-css-217978 kc_row\"><div class=\"kc-row-container\"><div class=\"kc-wrap-columns\"><div class=\"kc-elm kc-css-328693 kc_col-sm-12 kc_column kc_col-sm-12\"><div class=\"kc-col-container\"><div class=\"kc-elm kc-css-839764\" style=\"height: 97px; clear: both; width:100%;\"><\/div><\/div><\/div><\/div><\/div><\/section><section class=\"kc-elm kc-css-860594 kc_row\"><div class=\"kc-row-container\"><div class=\"kc-wrap-columns\"><div class=\"kc-elm kc-css-192174 kc_col-sm-12 kc_column kc_col-sm-12\"><div class=\"kc-col-container\"><!--Call To Action Section-->\n<section class=\"call-to-action-section\" style=\"background-image:url(https:\/\/shmksh.org\/\/wp-content\/uploads\/2017\/08\/2.jpg);\">\n    <div class=\"auto-container\">\n        <h2>B\u00cbHU VULLNETAR<\/h2>\n        <div class=\"text\">Bashkohu me ne dhe nd\u00ebrtojm\u00eb nj\u00eb kompani me sh\u00ebrbim t\u00eb p\u00ebrmir\u00ebsuar !!!<\/div>\n        <a href=\"https:\/\/shmksh.org\/\/behu-vullnetar\/\" class=\"theme-btn btn-style-three\">BASHKOHU ME NE!<\/a>\n    <\/div>\n<\/section>\n<!--End Call To Action Section-->\n<\/div><\/div><\/div><\/div><\/section><section class=\"kc-elm kc-css-676544 kc_row\"><div class=\"kc-row-container  kc-container\"><div class=\"kc-wrap-columns\"><div class=\"kc-elm kc-css-574713 kc_col-sm-12 kc_column kc_col-sm-12\"><div class=\"kc-col-container\">\n<!--Default Section-->\n<section class=\"default-section\">\n    <div class=\"auto-container\">\n        <div class=\"row clearfix\">\n        \n            <!--About Column-->\n            <div class=\"about-column col-md-6 col-sm-12 col-xs-12\">\n                <!--Sec Title-->\n                <div class=\"sec-title medium\">\n                    <h2><\/h2>\n                <\/div>\n                <div class=\"row clearfix\">\n                    <div class=\"col-md-6 col-sm-6 col-xs-12\">\n                        <h3>Partner\u00ebt<\/h3>\n                        <div class=\"text\">Partner\u00ebt q\u00eb na q\u00ebndrojn\u00eb pran\u00eb n\u00eb momente t\u00eb v\u00ebshtira.<\/div>\n                    <\/div>\n                    <div class=\"col-md-6 col-sm-6 col-xs-12\">\n                        <h3><\/h3>\n                        <div class=\"text\"><\/div>\n                    <\/div>\n                <\/div>\n                \n                <div class=\"clearfix\">\n                    <!--Author Info-->\n                    <div class=\"author-info pull-left\">\n                        <div class=\"img-thumb\">\n                            <img decoding=\"async\" src=\"\" alt=\"Image\" \/>\n                        <\/div>\n                        <h4><\/h4>\n                        <div class=\"designation\"><\/div>\n                    <\/div>\n                    <div class=\"signature pull-right\">\n                        <div class=\"signature-img\">\n                            <img decoding=\"async\" src=\"https:\/\/shmksh.org\/\/wp-content\/uploads\/2019\/02\/ci_full_name_logo_rbg_reverse-300x88.jpg\" alt=\"Image\" \/>\n                        <\/div>\n                    <\/div>\n                <\/div>\n                \n                            <\/div>\n            \n                        <!--Accordian Column-->\n            <div class=\"accordian-column col-md-6 col-sm-12 col-xs-12\">\n                <!--Sec Title-->\n                <div class=\"sec-title medium\">\n                    <h2>KONSUMATORI, TRAGTIA &amp; BIZNESI<\/h2>\n                <\/div>\n                \n                <ul class=\"accordion-box\">\n                \t                    <!--Block-->\n                    <li class=\"accordion block\">\n                        <div class=\"acc-btn \"><div class=\"icon-outer\"><span class=\"icon icon-plus flaticon-plus-symbol\"><\/span> <span class=\"icon icon-minus flaticon-minus-symbol\"><\/span><\/div>Mbrojtja konsumatore<\/div>\n                        <div class=\"acc-content \">\n                            <div class=\"content\">\n                                <div class=\"text\">\n                                    <p>Makinat;\u00a0Tekstilet dhe Veshjet;\u00a0Ushqimi dhe Pijet;\u00a0Fushata Anti-Duhan;\u00a0Produktet Sht\u00ebpiake;\u00a0Mallra t\u00eb tjera konsumi;\u00a0Financa dhe Siguracioni;\u00a0Sh\u00ebrbimet Konsumatore;\u00a0Praktika dhe Ligji i Kompanive;\u00a0L\u00ebnd\u00ebt Djeg\u00ebse, Uji-Kanalizimet;\u00a0Borxhet etj...<\/p>\n                                <\/div>\n                            <\/div>\n                        <\/div>\n                    <\/li>\n                                        <!--Block-->\n                    <li class=\"accordion block\">\n                        <div class=\"acc-btn active\"><div class=\"icon-outer\"><span class=\"icon icon-plus flaticon-plus-symbol\"><\/span> <span class=\"icon icon-minus flaticon-minus-symbol\"><\/span><\/div>Kategori t\u00eb tjera<\/div>\n                        <div class=\"acc-content current\">\n                            <div class=\"content\">\n                                <div class=\"text\">\n                                    <p>Sh\u00ebndet\u00ebsia; Sigurimet Shoq\u00ebrore; Pun\u00ebsimi dhe Turizmi; Arsimi; Administrimi\/Drejt\u00ebsi; Banimi\/Pasuria\/Toka; Tatimet\/Detyrimet; Pushimet etj...<\/p>\n                                <\/div>\n                            <\/div>\n                        <\/div>\n                    <\/li>\n                                    <\/ul>\n                \n            <\/div>\n                    <\/div>\n    <\/div>\n<\/section>\n<!--End Default Section-->\n<\/div><\/div><\/div><\/div><\/section><section class=\"kc-elm kc-css-790731 kc_row\"><div class=\"kc-row-container  kc-container\"><div class=\"kc-wrap-columns\"><div class=\"kc-elm kc-css-604407 kc_col-sm-12 kc_column kc_col-sm-12\"><div class=\"kc-col-container\">\n\n<!--News Section-->\n<section class=\"news-section\">\n    <div class=\"auto-container\">\n        <div class=\"sec-title clearfix\">\n            <div class=\"pull-left\">\n                <h2>Recent News<\/h2>\n            <\/div>\n            \t\t\t<div class=\"pull-right\">\n\t\t\t\t<a href=\"#\" class=\"theme-btn btn-style-six\">Go to blog<\/a>\n\t\t\t<\/div>\n                    <\/div>\n        \n        <div class=\"row clearfix\">\n            <!--Column-->\n            <div class=\"column col-md-8 col-sm-12 col-xs-12\">\n                <div class=\"row clearfix\">\n                \t                    <!--News Block-->\n                    <div class=\"news-block col-md-6 col-sm-6 col-xs-12\">\n                        <div class=\"inner-box\">\n                            <div class=\"image\">\n                                <a href=\"https:\/\/shmksh.org\/sq\/child-education-in-south-africa\/\"><img loading=\"lazy\" decoding=\"async\" width=\"350\" height=\"252\" src=\"https:\/\/shmksh.org\/wp-content\/uploads\/2017\/08\/news-1.jpg\" class=\"attachment-huminity_350x252 size-huminity_350x252 wp-post-image\" alt=\"\" srcset=\"https:\/\/shmksh.org\/wp-content\/uploads\/2017\/08\/news-1.jpg 350w, https:\/\/shmksh.org\/wp-content\/uploads\/2017\/08\/news-1-300x216.jpg 300w\" sizes=\"auto, (max-width: 350px) 100vw, 350px\" \/><\/a>\n                            <\/div>\n                            <div class=\"lower-box\">\n                                <h3><a href=\"https:\/\/shmksh.org\/sq\/child-education-in-south-africa\/\">Child Education in South-Africa!!<\/a><\/h3>\n                                <div class=\"text\">At the same time, Rahul Roy Chowdhury took charge of Google team that overes qulaity checker and here will&#8230;<\/div>\n                                <ul class=\"post-meta\">\n                                    <li><span class=\"icon fa fa-comment-o\"><\/span>0 Comment<\/li>\n                                                                        <li><a href=\"javascript:;\" class=\"jolly_like_it\" data-id=\"120\"><span class=\"icon fa fa-heart-o\"><\/span> 2<\/a><\/li>\n                                <\/ul>\n                            <\/div>\n                        <\/div>\n                    <\/div>\n                                        <!--News Block-->\n                    <div class=\"news-block col-md-6 col-sm-6 col-xs-12\">\n                        <div class=\"inner-box\">\n                            <div class=\"image\">\n                                <a href=\"https:\/\/shmksh.org\/sq\/become-a-volunteer-lets-work-togather\/\"><img loading=\"lazy\" decoding=\"async\" width=\"350\" height=\"252\" src=\"https:\/\/shmksh.org\/wp-content\/uploads\/2017\/08\/news-2.jpg\" class=\"attachment-huminity_350x252 size-huminity_350x252 wp-post-image\" alt=\"\" srcset=\"https:\/\/shmksh.org\/wp-content\/uploads\/2017\/08\/news-2.jpg 350w, https:\/\/shmksh.org\/wp-content\/uploads\/2017\/08\/news-2-300x216.jpg 300w\" sizes=\"auto, (max-width: 350px) 100vw, 350px\" \/><\/a>\n                            <\/div>\n                            <div class=\"lower-box\">\n                                <h3><a href=\"https:\/\/shmksh.org\/sq\/become-a-volunteer-lets-work-togather\/\">Become A Volunteer &#038; Let\u2019s work togather<\/a><\/h3>\n                                <div class=\"text\">At the same time, Rahul Roy Chowdhury took charge of Google team that overes qulaity checker and here will&#8230;<\/div>\n                                <ul class=\"post-meta\">\n                                    <li><span class=\"icon fa fa-comment-o\"><\/span>0 Comment<\/li>\n                                                                        <li><a href=\"javascript:;\" class=\"jolly_like_it\" data-id=\"121\"><span class=\"icon fa fa-heart-o\"><\/span> 1<\/a><\/li>\n                                <\/ul>\n                            <\/div>\n                        <\/div>\n                    <\/div>\n                                    <\/div>\n            <\/div>\n            <!--Column-->\n            <div class=\"column col-md-4 col-sm-12 col-xs-12\">\n            \t                <!--News Block Two-->\n                <div class=\"news-block-two\">\n                    <div class=\"inner-box\">\n                        <h3><a href=\"https:\/\/shmksh.org\/sq\/education-for-everyone\/\">Education For Everyone<\/a><\/h3>\n                        <div class=\"text\">At about the same time, Rahul mahmud took charge of Google&#8230;<\/div>\n                    <\/div>\n                <\/div>\n                                <!--News Block Two-->\n                <div class=\"news-block-two\">\n                    <div class=\"inner-box\">\n                        <h3><a href=\"https:\/\/shmksh.org\/sq\/save-the-animals\/\">Save the Animals<\/a><\/h3>\n                        <div class=\"text\">At about the same time, Rahul mahmud took charge of Google&#8230;<\/div>\n                    <\/div>\n                <\/div>\n                                <!--News Block Two-->\n                <div class=\"news-block-two\">\n                    <div class=\"inner-box\">\n                        <h3><a href=\"https:\/\/shmksh.org\/sq\/your-little-help-can\/\">Your Little Help Can&#8230;<\/a><\/h3>\n                        <div class=\"text\">At about the same time, Rahul mahmud took charge of Google&#8230;<\/div>\n                    <\/div>\n                <\/div>\n                            <\/div>\n        <\/div>\n    <\/div>\n<\/section>\n<!--End News Section-->\n\n<\/div><\/div><\/div><\/div><\/section><\/p>\n","protected":false},"excerpt":{"rendered":"","protected":false},"author":1,"featured_media":0,"parent":0,"menu_order":0,"comment_status":"closed","ping_status":"closed","template":"tpl-king_composer.php","meta":{"footnotes":""},"class_list":["post-497","page","type-page","status-publish","hentry"],"_links":{"self":[{"href":"https:\/\/shmksh.org\/sq\/wp-json\/wp\/v2\/pages\/497","targetHints":{"allow":["GET"]}}],"collection":[{"href":"https:\/\/shmksh.org\/sq\/wp-json\/wp\/v2\/pages"}],"about":[{"href":"https:\/\/shmksh.org\/sq\/wp-json\/wp\/v2\/types\/page"}],"author":[{"embeddable":true,"href":"https:\/\/shmksh.org\/sq\/wp-json\/wp\/v2\/users\/1"}],"replies":[{"embeddable":true,"href":"https:\/\/shmksh.org\/sq\/wp-json\/wp\/v2\/comments?post=497"}],"version-history":[{"count":195,"href":"https:\/\/shmksh.org\/sq\/wp-json\/wp\/v2\/pages\/497\/revisions"}],"predecessor-version":[{"id":1226,"href":"https:\/\/shmksh.org\/sq\/wp-json\/wp\/v2\/pages\/497\/revisions\/1226"}],"wp:attachment":[{"href":"https:\/\/shmksh.org\/sq\/wp-json\/wp\/v2\/media?parent=497"}],"curies":[{"name":"wp","href":"https:\/\/api.w.org\/{rel}","templated":true}]}}