{"id":251,"date":"2017-08-07T06:58:16","date_gmt":"2017-08-07T06:58:16","guid":{"rendered":"http:\/\/tonatheme.com\/newwp\/huminity\/?page_id=251"},"modified":"2022-07-15T18:27:58","modified_gmt":"2022-07-15T18:27:58","slug":"contact-us","status":"publish","type":"page","link":"https:\/\/shmksh.org\/sq\/contact-us\/","title":{"rendered":"Kontakt"},"content":{"rendered":"<section class=\"kc-elm kc-css-988665 kc_row\"><div class=\"kc-row-container  kc-container\"><div class=\"kc-wrap-columns\"><div class=\"kc-elm kc-css-522484 kc_col-sm-12 kc_column kc_col-sm-12\"><div class=\"kc-col-container\"><div class=\"kc-elm kc-css-404947 kc_text_block\"><\/p>\n<p><style type=\"text\/css\"><\/style>\n<\/p>\n<section class=\"kc-elm kc-css-349710 kc_row\">\n<div class=\"kc-row-container kc-container\">\n<div class=\"kc-wrap-columns\">\n<div class=\"kc-elm kc-css-1800967 kc_col-sm-12 kc_column kc_col-sm-12\">\n<div class=\"kc-col-container\">\n<div class=\"kc-elm kc-css-1598633 kc_text_block\">\n<style type=\"text\/css\"><\/style>\n<section class=\"kc-elm kc-css-2353217 kc_row\">\n<div class=\"kc-row-container kc-container\">\n<div class=\"kc-wrap-columns\">\n<div class=\"kc-elm kc-css-3299870 kc_col-sm-12 kc_column kc_col-sm-12\">\n<div class=\"kc-col-container\">\n<p><!--Contact Section--><\/p>\n<section class=\"contact-section\">\n<div class=\"auto-container\">\n<div class=\"row clearfix\">\n<p><!--Form Column--><\/p>\n<div class=\"form-column col-md-7 col-sm-12 col-xs-12\">\n<h2>D\u00ebrgo mesazh<\/h2>\n<div class=\"text\">P\u00ebr t\u00eb kontaktuar<\/div>\n<p><!--Contact Form--><\/p>\n<div class=\"contact-form\">\n<div id=\"contact-form\">\n<div class=\"row clearfix\">\n<div id=\"wpcf7-f7-o3\" class=\"wpcf7\" dir=\"ltr\" lang=\"en-US\" role=\"form\">\n<div class=\"screen-reader-response\">\u00a0<\/div>\n<form class=\"wpcf7-form\" action=\"\/wp-admin\/post.php#wpcf7-f7-o3\" method=\"post\" novalidate=\"novalidate\">\n<div style=\"display: none;\"><input name=\"_wpcf7\" type=\"hidden\" value=\"7\" \/><br \/><input name=\"_wpcf7_version\" type=\"hidden\" value=\"5.1.1\" \/><br \/><input name=\"_wpcf7_locale\" type=\"hidden\" value=\"en_US\" \/><br \/><input name=\"_wpcf7_unit_tag\" type=\"hidden\" value=\"wpcf7-f7-o3\" \/><br \/><input name=\"_wpcf7_container_post\" type=\"hidden\" value=\"0\" \/><br \/><input name=\"g-recaptcha-response\" type=\"hidden\" value=\"\" \/><\/div>\n<p><label> Subjekti<br \/><span class=\"wpcf7-form-control-wrap your-subject\"><input class=\"wpcf7-form-control wpcf7-text\" name=\"your-subject\" size=\"40\" type=\"text\" value=\"\" aria-invalid=\"false\" \/><\/span> <\/label><\/p>\n<p><label> Mesazhi<br \/><span class=\"wpcf7-form-control-wrap your-message\"><textarea class=\"wpcf7-form-control wpcf7-textarea\" cols=\"40\" name=\"your-message\" rows=\"10\" aria-invalid=\"false\"><\/textarea>\u00a0<\/span> <\/label><\/p>\n<p><input class=\"wpcf7-form-control wpcf7-submit\" type=\"submit\" value=\"D\u00ebrgo\" \/><\/p>\n<div class=\"wpcf7-response-output wpcf7-display-none\">\u00a0<\/div>\n<\/form>\n<\/div>\n<\/div>\n<\/div>\n<\/div>\n<p><!--End Contact Form--><\/p>\n<\/div>\n<p><!--Info Container--><\/p>\n<div class=\"info-column col-md-5 col-sm-12 col-xs-12\">\n<div class=\"inner-column\">\n<h2>Informacion Kontakti<\/h2>\n<ul class=\"contact-info\">\n<li>\n<div class=\"icon-box\"><span class=\"\">@<\/span><\/div>\n<h4>E-mail<\/h4>\n<p>shoqatakonsumatori@gmail.com<\/p>\n<\/li>\n<li>\n<div class=\"icon-box\">\u00a0<\/div>\n<h4>Phone<\/h4>\n<p>+355692946222<\/p>\n<\/li>\n<li>\n<div class=\"icon-box\">\u00a0<\/div>\n<h4>FAX<\/h4>\n<p>&#8211;<\/p>\n<\/li>\n<li>\n<div class=\"icon-box\">\u00a0<\/div>\n<h4>Address 1<\/h4>\n<p>Rruga 4 Shkurti, nr. 1 kati i pare, p\u00ebrball\u00eb Albtelekomit Tirana, n\u00eb krah te \u201cLibrari Agollit\u201d dhe \u201c Veteran\u00ebve\u201d.<\/p>\n<\/li>\n<li>\n<h4>Address 2<\/h4>\n<p>Lagja Afrim, Rr. Taku Semanjaku &#8211; Fier.<\/p>\n<\/li>\n<\/ul>\n<\/div>\n<\/div>\n<\/div>\n<\/div>\n<\/section>\n<p><!--End Contact Section--><\/p>\n<\/div>\n<\/div>\n<\/div>\n<\/div>\n<\/section>\n<section class=\"kc-elm kc-css-1410498 kc_row\">\n<div class=\"kc-row-container\">\n<div class=\"kc-wrap-columns\">\n<div class=\"kc-elm kc-css-915231 kc_col-sm-12 kc_column kc_col-sm-12\">\n<div class=\"kc-col-container\">\n<div class=\"kc-elm kc-css-1371595 kc_google_maps kc_shortcode\">\n<div class=\"kc-google-maps\" style=\"height: 350px;\">&lt;iframe style=\"border: 0;\" src=\"https:\/\/www.google.com\/maps\/embed?pb=!1m18!1m12!1m3!1d2996.318434575116!2d19.815232115559922!3d41.323688507904336!2m3!1f0!2f0!3f0!3m2!1i1024!2i768!4f13.1!3m3!1m2!1s0x13503104b4959209%3A0x5e658d5b608f60ff!2sRruga+Deshmoret+e+4+Shkurtit%2C+Tirana%2C+Albania!5e0!3m2!1sen!2s!4v1550788091029\" width=\"100%\" height=\"350\" frameborder=\"0\" allowfullscreen=\"allowfullscreen\"&gt;&lt;\/iframe&gt;<\/div>\n<\/div>\n<\/div>\n<\/div>\n<\/div>\n<\/div>\n<\/section>\n<\/div>\n<\/div>\n<\/div>\n<\/div>\n<\/div>\n<\/section>\n<p>\n<\/div><\/div><\/div><\/div><\/div><\/section>\n","protected":false},"excerpt":{"rendered":"<p>[kc_row use_container=\"yes\" force=\"no\" column_align=\"middle\" video_mute=\"no\" _id=\"988665\"][kc_column width=\"12\/12\" video_mute=\"no\" _id=\"522484\"][kc_column_text _id=\"404947\"]<\/p>\n<p><style type=\"text\/css\"><\/style>\n<\/p>\n<section class=\"kc-elm kc-css-34... \n\n","protected":false},"author":1,"featured_media":0,"parent":0,"menu_order":0,"comment_status":"closed","ping_status":"closed","template":"tpl-king_composer.php","meta":{"footnotes":""},"class_list":["post-251","page","type-page","status-publish","hentry"],"_links":{"self":[{"href":"https:\/\/shmksh.org\/sq\/wp-json\/wp\/v2\/pages\/251","targetHints":{"allow":["GET"]}}],"collection":[{"href":"https:\/\/shmksh.org\/sq\/wp-json\/wp\/v2\/pages"}],"about":[{"href":"https:\/\/shmksh.org\/sq\/wp-json\/wp\/v2\/types\/page"}],"author":[{"embeddable":true,"href":"https:\/\/shmksh.org\/sq\/wp-json\/wp\/v2\/users\/1"}],"replies":[{"embeddable":true,"href":"https:\/\/shmksh.org\/sq\/wp-json\/wp\/v2\/comments?post=251"}],"version-history":[{"count":38,"href":"https:\/\/shmksh.org\/sq\/wp-json\/wp\/v2\/pages\/251\/revisions"}],"predecessor-version":[{"id":1314,"href":"https:\/\/shmksh.org\/sq\/wp-json\/wp\/v2\/pages\/251\/revisions\/1314"}],"wp:attachment":[{"href":"https:\/\/shmksh.org\/sq\/wp-json\/wp\/v2\/media?parent=251"}],"curies":[{"name":"wp","href":"https:\/\/api.w.org\/{rel}","templated":true}]}}