{"id":552,"date":"2019-02-19T16:17:28","date_gmt":"2019-02-19T16:17:28","guid":{"rendered":"http:\/\/konsumator1.shmksh.org\/?page_id=552"},"modified":"2019-03-13T20:40:55","modified_gmt":"2019-03-13T20:40:55","slug":"historik","status":"publish","type":"page","link":"https:\/\/shmksh.org\/en_US\/historik\/","title":{"rendered":"History"},"content":{"rendered":"<section class=\"kc-elm kc-css-429571 kc_row\"><div class=\"kc-row-container  kc-container\"><div class=\"kc-wrap-columns\"><div class=\"kc-elm kc-css-444741 kc_col-sm-12 kc_column kc_col-sm-12\"><div class=\"kc-col-container\"><div class=\"kc-elm kc-css-284120\" style=\"height: 57px; clear: both; width:100%;\"><\/div><div class=\"kc-elm kc-css-593687 kc_text_block\"><\/p>\n<p>Since its inception, ACA has been working and functioning to inform and advise consumers.<br \/>\nIn 1990, the initiating group was created, the program and the charter of the association were drafted.<br \/>\nACA on 27.10.1991, for the first time campaigning for potable water, lacking chlorine and 400 people were diarrhea, this material was published in the Tirana newspaper and was aired several times on Tirana radio and Albanian television.<br \/>\nIn 1991, the association protested for alcohol poisoning and 50-person ice cream, this was published in the Tirana newspaper, the Association sought to empower control inspectorates.<br \/>\nACA increased its activity in 1992, publishing the first &#8220;Consumer\" newspaper with 10,000 copies.<br \/>\nACA has participated in local and international radio and television programs since 1991.<br \/>\nACA has campaigned in 1993 for the recognition of laws, and has also asked questionnaires about how laws are recognized by citizens.<br \/>\nIn the years 1993-1994, she continued her 2-year campaign &#8220;On the hygiene of water and the hygiene of the groceries\".<br \/>\nACA in 1994, organized the campaign &#8220;Against Alcohol and Tobacco\", where the media engaged in this campaign.<br \/>\nACA organized in 1995, in cooperation with the Directorate of Standards and Quality, for training courses in consumer protection with leading and leading country leaders.<br \/>\nACA in 1995, with the support of the Ministry of Commerce, drafted the draft &#8220;On the Law on Consumer Protection\" (adopted on 06.02.1997).<br \/>\nACA in 1995, organized the campaign for &#8220;Market Improvement\" (an old problem between consumers and the market).<br \/>\nIn 1996, ACA engaged with the Standards Department, the Ministry of Agriculture, the Ministry of Agriculture and the Ministry of Health in giving opinions and suggestions for making laws that were in the interest of consumer protection.<br \/>\nACA in 1995, 1996, 1997, engaged and requested the support of relevant ministries such as: M.SH (Ministry of Health) M. T (trade ministry), for resolving 2,200 complaints that consumers had on the water problem drinking, the problem of markets, and sewerage.<br \/>\nACA on 16 September 1997, organized the campaign with media engagement on drinking water security.<br \/>\nACA in May 1997, published the first book &#8220;Consumer Challenges\" supported by the &#8220;Partner Foundation Foundation\" and &#8220;Tacis Democracy\". During this year he has organized several seminars, conferences on the publication and recognition of consumer protection laws in Tirana, Elbasan, Shkodra, Fier, Vlora, Lezha and Durr\u00ebs.<br \/>\nACA on 22.01.1998, informs that the food market sells staphylococci such as margarine, meat and flour.<br \/>\nACA in 1998 has organized several trainings with the leaders of 12 regions and several workshops in Shkodra, La\u00e7, Fier, Elbasan, Vlora, Durr\u00ebs, Berat, Kor\u00e7a, for the protection of consumers in the market economy.<br \/>\nACA in 1998 was supported by the ministries concerned and local government by providing facilities and sound centers in the campaign for spoiled flour and lead mills such as: Fier, Kor\u00e7a, Berat, where the media are engaged.<br \/>\nACA in May 1998, published the second book &#8220;Knowledge for Customers\"<br \/>\nThe District Court of Tirana, with no.2277 act, decided &#8220;On Provisional Measure\", with Judges: Altina Xhoxhaj and Judge Assistant; Dhimitra Qarri Petrit \u00c7omo. It is being considered at the court hearing of the Claimant: &#8220;Hellenic Botling Company\" and defendant Fredi P\u00ebrgjika.<\/p>\n<p>\n<\/div><div class=\"kc-elm kc-css-490081 kc_text_block\"><\/p>\n<ul>\n<li>Secondary Intruder: The Consumer Protection Association (ACA).\n<p>The court imposed the provisional measure, with legal basis Article 202 of the Code of Criminal Procedure<br \/>\nblocking the production and sale of &#8220;Amitave\" in plastic bottles in all parts of Albania. The bailiff&#8217;s office was executed, dated.11.05.1998.<\/p>\n<p>ACA in 1999, committed to helping Kosovar refugees and published the book &#8220;Missionaries Among Kosovars\", for this we supported donors: D.F.I.D., N.O., H.O., Fund, C.I and U.K.<\/li>\n<\/ul>\n<p>\n<\/div><div class=\"kc-elm kc-css-698511\" style=\"height: 57px; clear: both; width:100%;\"><\/div><div class=\"kc-elm kc-css-486922 kc_text_block\"><\/p>\n<ul>\n<li>ACA in the years 1990-2000, organized talks, meetings, conferences, trainings with Kosovar refugees within Kosovo and supported by U.K (unity kingdom) and D.F.I.D.<br \/>\nACA in 2000, organizes the campaign &#8220;Labeling of food in the market\", as well as the campaign &#8220;Against Counterfeit\" (phantom) supported by the media.<br \/>\nACA in 2000 also handed over Kosovar refugees to the &#8220;Missionaries among Kosovars\" booklet, leaflets, leaflets on &#8220;Mine Exploration\".<br \/>\nACA in March 2001 celebrates the 10th anniversary of its formation.<br \/>\nACA in July-December 2001 has organized consumer awareness training &#8220;Paying Taxes\" and to be more sensitive to the good administration of their taxes supported by S.N.V. Also co-operating in this campaign both central and local radio and television.<br \/>\nACA in 2002 makes &#8220;Pedicure for Drinking Water\" in Tirana, La\u00e7, Fier, K\u00eblcyr\u00eb, Lezha. After pedaling in many cities, the state of water supply improved.<br \/>\nAAC branches, in Kruj\u00eb and Fush\u00eb-Kruj\u00eb, protested for environmental protection, the Ministry of Environment took steps to improve the situation.<br \/>\nIn 2001-2002, the association conducted a campaign &#8220;On the effect of taxes on economic improvement\" (permanent duty of ours) with support from S.N.V. Foundation.<br \/>\nACA in 2003, has cooperated with the Ministry of Commerce for the Consumer Protection Law. She also gave opinions, made suggestions for additional articles in the new consumer protection law.<br \/>\nACA in 2003 has organized the campaign &#8220;On Iodization\" of children in cooperation with the Ministry of Health.<br \/>\nACA in 2004 has organized the &#8220;Anti-smoking campaign\" in collaboration with the anti-smoking association and has supported UNICEF. Also, the association organized for 2 months the campaign &#8220;On drinking water chlorination\", where the media were engaged.<br \/>\nIn 2004, the association cooperated with the Ministry of Health for the draft &#8220;On iodize\" bill, organized a campaign for &#8220;Customer awareness\" and the risk that plastics bring to people, as well as its collection and recycling supported by financial support from the British and Australian embassies.<br \/>\nIn 2005, the association organized the campaign &#8220;On the labeling of food products\", it also organized trainings, distributed banners with 10-EC Principles. And eight consumer rights.<br \/>\nThe GTC has supported us financially for the reconstruction of the Tirana Counseling Office, as well as M.E.T.E.<br \/>\nIn 2006 the association has organized databases, has joint training with METE, with CARDS \/ 6, and METE is supported with a grant for office equipment.<br \/>\nIn 2007, ACA organized a senibilization campaign in cooperation with the Ministry of Health and UNICEF on the importance of &#8220;iodizing in children\".<br \/>\nACA in cooperation with the Ministry of Agriculture in 2007 has given its contribution with suggestions and proposals &#8220;On Food Law\" and Milk. He has also contributed to the Law &#8220;On the Right to Information\".<br \/>\nOn 17 March 2008, AAC participated in Budva on the topic of &#8220;Food Safety\"<br \/>\nACA on 01.04.2008, participated in Ohrid, Macedonia with the topic &#8220;Consumer Protection in the Field of Banking Services\".<\/li>\n<\/ul>\n<p>\n<\/div><div class=\"kc-elm kc-css-291758\" style=\"height: 57px; clear: both; width:100%;\"><\/div><div class=\"kc-elm kc-css-467195 kc_text_block\"><\/p>\n<p>In 2008, ACA conducted an analysis of questionnaires, appraisal surveys in 2006-2007 compared to 2004-2005 in the field of industrial products and trade (such as confectionery, shoes, sandals, etc.).<br \/>\nThe Association has cooperated with METE with comments and suggestions for the &#8220;New Consumer Protection Law\" which was approved on 17.04. 2008.<br \/>\nOn May 29 &#8211; June 1, 2008, he participated in the Conference held in Vodice, Croatia on &#8220;Financial Problems\" Banking Advocacy, Consumer Protection and Unbreakable Consumer Procedures (Ambusmen).<br \/>\n2008-2009 &#8220;Fast-Food Risk Campaign\" and Pasha (obesity, cardio-vascular diseases, hypertension etc.)<br \/>\n2010 &#8220;Campaign for financial and banking financial education\" recommended by CI<br \/>\n2010 &#8220;Healthy Nutrition Campaign\" recommended by CI<br \/>\n2010 Cooperation with UNDP on the opening of new Counseling Centers in the regions as; Shkodra, Elbasan, Fier, Lushnja, Lezha, Korca, etc. as well as opportunities and capacity building in AAC.<br \/>\nCooperation with D. Accreditation and Certification in Albania<br \/>\n10.06.2010 Cooperation meeting with representatives of consumer protection in London in the field of accreditation with Mr. Robert PEACOCK.<br \/>\nMeeting with dt. June 17, 2010 with Kr Elbasan Q.SEJDINI and Coordinator of the Consumer Association &#8220;On Information, Education, Empowerment and Cooperation of AAC and Local Government in Consumer Protection\"<br \/>\nMeeting with dt. 16 BC \/ Fier Municipality and Consumer Association Coordinator &#8220;On Information, Education, Empowerment and Co-operation of AAC and Local Government in Consumer Protection\"<br \/>\nMeeting with dt. 18.06.2010 Deputy Mayor of Shkodra and Coordinator of Consumer Association &#8220;For information, education, empowerment and cooperation of AAC and local government in the protection of consumers\"<br \/>\nCooperation meeting with Shkodra Blind Association ZEF BUSHATI<br \/>\nMe LEzhen Ymer Keta<br \/>\nMeeting with Head of Business Unity Roland Hysa &#8220;On the Market Opportunity and Securing Safe Products for Customers<br \/>\nMeeting with dt. 30.06.2010 with representatives of Italian Society with Ms. Maria Maria PAGLIA &#8216;On informing consumers of safe food products and cooperation of AAC<br \/>\nMeeting on 14.07.2010 with representatives of consumer protection representatives SERBIA with Mr. Drago Bojavic in the framework of UN recommendations which was represented by the presence of representatives of Albania of Hachemi and Anula.<br \/>\n19.07.2010 meeting with the representatives of the EG Mission to Albania in the framework of the development and strengthening of AAC with Ms. MARIJA RASKOVSKA representative of CI and chairman of SH. Consumer in Macedonia; Mrs. Alba Dakoli for the Local Governance Foundation.<br \/>\nWith the Tirana Police Directorate on the implementation of rules and tables for pedestrians in the Cham Market of Tirana<br \/>\nCooperation with AKEP in delivering opinions on the prudence of numbers April 2010<br \/>\nCooperation meeting with the Regional Waste Recycling Center April 2010<br \/>\nMeetings and Collaborations with the Immigration Protection Center March-April 2010 &#8230;&#8230;&#8230;&#8230;&#8230;&#8230;<br \/>\nCooperation and exchange experience in consumer protection with FACUAN \/ Spain with dr. Carlos Puente<br \/>\nCollaboration with the European Union in the framework of the Food Safety of Products &#8220;Paulo PENDEZA\"<br \/>\nApril-May 2010 cooperation with UFSH regarding the trade and safety of medical drugs.<br \/>\nMeeting in the framework of collaborations with Projects with TASCO-Albania<br \/>\nIn the framework of training, cooperation with the Chamber of Commerce<br \/>\nMeeting at METE with the Consumers&#8217; Coordination Council with Deputy Minister Bozdo for giving opinions and objections to Article 54 \/ b of the Consumer Law on the Direction of Customer Counseling Centers, in accordance with the criteria set by the minister responsible for the trade area . Submission of the letter to the Minister of Economy Z \/ D. Prifti, based on the Law on NGOs article 41.<br \/>\nMay-June 2010 trainings and experiences on: electricity and water supply where it participated and UNDP<br \/>\nJune 2010 cooperation with M.Sc .; Oral iodine preparation strategy.<br \/>\nSend feedback<br \/>\nHistory<br \/>\nSaved<br \/>\nCommunity<\/p>\n<p>\n<\/div><div class=\"kc-elm kc-css-839739\" style=\"height: 57px; clear: both; width:100%;\"><\/div><div class=\"kc-elm kc-css-669290 kc_text_block\"><\/p>\n<p>The activities for 2010 are best reflected in the annual report, but we are writing some suggestions made by the association to the competent bodies.<\/p>\n<p>In our work in cooperation with; state institutions, EREs, companies, directors, we have also made suggestions for laws, regulations, drafts and bylaws.<\/p>\n<p>Suggestions to DUK &#8220;On improving the quality of water supply and water security (quantity and quality have no contract and specific law) but there is a DCM 1993, not full of consumer protection<br \/>\nSuggestions for the Draft Decision on &#8220;Outsourcing Contracts\" METE<br \/>\nSuggestions for AKU MAFCP For the completion of Food Codex Food is a necessity and standard for everyone.<br \/>\nSuggestion for Telecom \/ We do and disregard the law to the detriment of the consumer, as; abolition of the code, unilateral contract, lack of understanding of interest groups, breach of the Albtelekom-AAC contract, request for<br \/>\nSuggested by the Ministry of Agriculture, Food and Consumer Protection (MAFCP) for the implementation of food law and consumer protection, namely the road market, H-Sanitary uncontracted markets, the marketing of food products in inappropriate conditions, implementation of laws is required.<br \/>\nSuggestions for M. Environment: To improve the environment, protect the Waters, rivers, forests and soil erosion, inert materials, bridge bridges etc.<br \/>\nLaw Enforcement on Road Transport<br \/>\nMES in improving the education system at all levels especially in remote and rural areas.<br \/>\nSuggestions for DSO \/ CEZ &#8220;To improve the quality and quantity service for the customer, the new contract and the issuance of the invoice.\" In the exhibition of measures, in avoiding bills, in placing new mats in 25,000 meters.<br \/>\nfor transparency and promised service to consumers<br \/>\nwith respect to the Contract and contractual terms with the customer<br \/>\nregarding the non-raising of the electricity price for the consumer which was taken into account.<br \/>\nregarding the drafting of the draft measures on electricity offenders.<\/p>\n<p>\n<\/div><div class=\"kc-elm kc-css-564925\" style=\"height: 57px; clear: both; width:100%;\"><\/div><div class=\"kc-elm kc-css-416890 kc_text_block\"><\/p>\n<p>Property Laws, our constant demand for clarity, transparece and problem solving.<\/p>\n<p>ERU Suggestions Concerning New Water Contracts and Concerns Concerning Drinking Water as a Lack of Hygiene-Sanitary Conditions, Especially on the Beach<br \/>\nMental health suggestions on improving hospital service and eliminating contamination from the hospital waste incinerator<br \/>\nSuggestion for Consumer Law for Article 54 \/ b in accordance with the criteria set by the minister responsible for the trade area.<\/p>\n<p>\n<\/div><div class=\"kc-elm kc-css-981058\" style=\"height: 57px; clear: both; width:100%;\"><\/div><div class=\"kc-elm kc-css-405040 kc_text_block\"><\/p>\n<p>ACTIVITIES WITH SPACE FOR ASSOCIATION FOR THE YEAR 2010<\/p>\n<p>Meeting of the General Assembly of the Association on 16.12.2010 which was successfully completed with all the coordinators and leaders in the districts, invited by the state institutions that cooperate with the AAC, with representatives from UNDP. associations and other organizations as well as friends of the association. The meeting was held in the premises of the Museum of History from 10-12-20 where the guests had a cocktail. The whole activity is reflected by the Media \/ 9 Albanian TV shows for the consumer, we are presenting the part of the Resolution held by the President of Asmabeta Z \/ Ali Hoxha.<\/p>\n<p>Wide participation of AAC members in Tirana and Rrethi, with the invited co-ordinators operating in Albania. Participated and followed by the dikaseteret as:<\/p>\n<p>METE, Standards, UNDP, Other Associations such as; The Albanian National Post, representatives of women&#8217;s organizations, journalists and media, where 9 televisions participated, reflecting the development and progress of the assembly&#8217;s proceedings.<\/p>\n<p>After the attendance of 223 persons was assured, the meeting was opened by the President of the Assembly, Mr. Ali Hoxha, who presented the Agenda.<\/p>\n<p>Resume by Chairman of AAC Islam Cani<\/p>\n<p>Report on the annual report of AAC held by Ms. Fatmira Bi\u00e7aku, economic-financial activity<\/p>\n<p>Financial control Bledar Mema<\/p>\n<p>Voting of the governing bodies of AAC<\/p>\n<p>Adoption in its entirety<\/p>\n<p>Approval of the project resolution and its presentation by A.Hoxha<\/p>\n<p>Election development.<\/p>\n<p>\n<\/div><\/div><\/div><\/div><\/div><\/section>\n","protected":false},"excerpt":{"rendered":"<p>[kc_row use_container=\"yes\" force=\"no\" column_align=\"middle\" video_mute=\"no\" _id=\"429571\"][kc_column width=\"12\/12\" video_mute=\"no\" _id=\"444741\"][kc_spacing height=\"57px\" _id=\"284120\"][kc_column_text _id=\"593687\"]<\/p>\n<p>Since its inception, ACA has been &#8230;<\/p>\n","protected":false},"author":1,"featured_media":0,"parent":0,"menu_order":0,"comment_status":"closed","ping_status":"closed","template":"tpl-king_composer.php","meta":{"footnotes":""},"class_list":["post-552","page","type-page","status-publish","hentry"],"_links":{"self":[{"href":"https:\/\/shmksh.org\/en_US\/wp-json\/wp\/v2\/pages\/552","targetHints":{"allow":["GET"]}}],"collection":[{"href":"https:\/\/shmksh.org\/en_US\/wp-json\/wp\/v2\/pages"}],"about":[{"href":"https:\/\/shmksh.org\/en_US\/wp-json\/wp\/v2\/types\/page"}],"author":[{"embeddable":true,"href":"https:\/\/shmksh.org\/en_US\/wp-json\/wp\/v2\/users\/1"}],"replies":[{"embeddable":true,"href":"https:\/\/shmksh.org\/en_US\/wp-json\/wp\/v2\/comments?post=552"}],"version-history":[{"count":22,"href":"https:\/\/shmksh.org\/en_US\/wp-json\/wp\/v2\/pages\/552\/revisions"}],"predecessor-version":[{"id":1118,"href":"https:\/\/shmksh.org\/en_US\/wp-json\/wp\/v2\/pages\/552\/revisions\/1118"}],"wp:attachment":[{"href":"https:\/\/shmksh.org\/en_US\/wp-json\/wp\/v2\/media?parent=552"}],"curies":[{"name":"wp","href":"https:\/\/api.w.org\/{rel}","templated":true}]}}